{"id":583,"date":"2022-12-13T18:11:43","date_gmt":"2022-12-13T21:11:43","guid":{"rendered":"https:\/\/www.felicoop.org.br\/site\/?page_id=583"},"modified":"2026-01-13T16:05:09","modified_gmt":"2026-01-13T19:05:09","slug":"taxas-repasse","status":"publish","type":"page","link":"https:\/\/www.felicoop.org.br\/site\/?page_id=583","title":{"rendered":"Taxas Repasse"},"content":{"rendered":"<p>[et_pb_section fb_built=&#8221;1&#8243; _builder_version=&#8221;4.18.0&#8243; _module_preset=&#8221;default&#8221; background_color=&#8221;#3E5A93&#8243; collapsed=&#8221;off&#8221; global_colors_info=&#8221;{}&#8221;][et_pb_row _builder_version=&#8221;4.18.0&#8243; _module_preset=&#8221;default&#8221; global_colors_info=&#8221;{}&#8221;][et_pb_column type=&#8221;4_4&#8243; _builder_version=&#8221;4.18.0&#8243; _module_preset=&#8221;default&#8221; global_colors_info=&#8221;{}&#8221;][et_pb_text _builder_version=&#8221;4.18.0&#8243; _module_preset=&#8221;default&#8221; header_font=&#8221;|300|||||||&#8221; header_text_color=&#8221;#FFFFFF&#8221; global_colors_info=&#8221;{}&#8221;]<\/p>\n<h1>Taxas Repasse<\/h1>\n<p>[\/et_pb_text][\/et_pb_column][\/et_pb_row][\/et_pb_section][et_pb_section fb_built=&#8221;1&#8243; _builder_version=&#8221;4.18.0&#8243; _module_preset=&#8221;default&#8221; collapsed=&#8221;off&#8221; global_colors_info=&#8221;{}&#8221;][et_pb_row _builder_version=&#8221;4.18.0&#8243; _module_preset=&#8221;default&#8221; collapsed=&#8221;off&#8221; global_colors_info=&#8221;{}&#8221;][et_pb_column type=&#8221;4_4&#8243; _builder_version=&#8221;4.18.0&#8243; _module_preset=&#8221;default&#8221; global_colors_info=&#8221;{}&#8221;][et_pb_text _builder_version=&#8221;4.18.0&#8243; _module_preset=&#8221;default&#8221; hover_enabled=&#8221;0&#8243; global_colors_info=&#8221;{}&#8221; sticky_enabled=&#8221;0&#8243;]<\/p>\n<p class=\"\" data-start=\"246\" data-end=\"437\">Para garantir total transpar\u00eancia, compartilhamos abaixo as informa\u00e7\u00f5es sobre as reten\u00e7\u00f5es legais e a taxa administrativa aplicadas aos repasses realizados pela cooperativa.<\/p>\n<p class=\"\" data-start=\"439\" data-end=\"592\">\ud83d\udd37 <strong data-start=\"442\" data-end=\"493\">Tributos obrigat\u00f3rios (por determina\u00e7\u00e3o legal):<\/strong><br data-start=\"493\" data-end=\"496\" \/>Esses valores s\u00e3o recolhidos conforme a legisla\u00e7\u00e3o vigente e n\u00e3o s\u00e3o definidos pela cooperativa:<\/p>\n<ul data-start=\"594\" data-end=\"822\">\n<li class=\"\" data-start=\"594\" data-end=\"699\">\n<p class=\"\" data-start=\"596\" data-end=\"699\"><strong data-start=\"596\" data-end=\"605\">INSS:<\/strong> 20% sobre o teto de contribui\u00e7\u00e3o (R$ 8.475,55 em 2026), com reten\u00e7\u00e3o m\u00e1xima de R$ 1.695,11. <strong>Observa\u00e7\u00e3o: <\/strong>Por determina\u00e7\u00e3o do ATO DECLARAT\u00d3RIO INTERPRETATIVO 5-2015, a Receita Federal implementa a al\u00edquota de 20%, <strong>a partir da compet\u00eancia junho\/2015<\/strong>.<\/p>\n<\/li>\n<li class=\"\" data-start=\"700\" data-end=\"786\">\n<p class=\"\" data-start=\"702\" data-end=\"786\"><strong data-start=\"702\" data-end=\"711\">IRPF:<\/strong> Retido conforme a faixa de rendimento mensal (tabela vigente 2024\/2025).<\/p>\n<\/li>\n<li class=\"\" data-start=\"787\" data-end=\"805\">\n<p class=\"\" data-start=\"789\" data-end=\"805\"><strong data-start=\"789\" data-end=\"797\">PIS:<\/strong> 0,65%<\/p>\n<\/li>\n<li class=\"\" data-start=\"806\" data-end=\"822\">\n<p class=\"\" data-start=\"808\" data-end=\"822\"><strong data-start=\"808\" data-end=\"819\">COFINS:<\/strong> 3%<\/p>\n<\/li>\n<\/ul>\n<p data-start=\"824\" data-end=\"975\"><strong><em data-start=\"824\" data-end=\"975\">Observa\u00e7\u00e3o.: Se o INSS j\u00e1 for retido por outra fonte pagadora, \u00e9 necess\u00e1rio registrar essa informa\u00e7\u00e3o no site da FENCOM para evitar reten\u00e7\u00e3o em duplicidade.<\/em><\/strong><\/p>\n<p>\ud83d\udcce Manual dispon\u00edvel na \u00e1rea de Servi\u00e7os para o Cooperado.<\/p>\n<h4>IRPF abaixo tabela (ano de calend\u00e1rio 2024, declarar em 2025):<\/h4>\n\n<table id=\"tablepress-1\" class=\"tablepress tablepress-id-1\">\n<thead>\n<tr class=\"row-1 odd\">\n\t<th class=\"column-1\">Base de c\u00e1lculo mensal em R$<\/th><th class=\"column-2\">Al\u00edquota %<\/th><th class=\"column-3\">Parcela a deduzir do imposto em R$<\/th>\n<\/tr>\n<\/thead>\n<tbody class=\"row-hover\">\n<tr class=\"row-2 even\">\n\t<td class=\"column-1\">At\u00e9 2.428,80<\/td><td class=\"column-2\">-<\/td><td class=\"column-3\">-<\/td>\n<\/tr>\n<tr class=\"row-3 odd\">\n\t<td class=\"column-1\">De 2.428,81 at\u00e9 2.826,65\t<\/td><td class=\"column-2\">7,5<\/td><td class=\"column-3\">182,16<\/td>\n<\/tr>\n<tr class=\"row-4 even\">\n\t<td class=\"column-1\">De 2.826,66 at\u00e9 3.751,05\t<\/td><td class=\"column-2\">15,0<\/td><td class=\"column-3\">394,16<\/td>\n<\/tr>\n<tr class=\"row-5 odd\">\n\t<td class=\"column-1\">De 3.751,06 at\u00e9 4.664,68\t<\/td><td class=\"column-2\"> 22,5<\/td><td class=\"column-3\">675,49<\/td>\n<\/tr>\n<tr class=\"row-6 even\">\n\t<td class=\"column-1\">Acima de 4.664,68\t<\/td><td class=\"column-2\">27,5<\/td><td class=\"column-3\">908,73<\/td>\n<\/tr>\n<\/tbody>\n<\/table>\n<!-- #tablepress-1 from cache -->\n<p>&nbsp;<\/p>\n<p>\ud83d\udd37 <strong data-start=\"1045\" data-end=\"1089\">Taxa administrativa da cooperativa: 4,7%<\/strong><\/p>\n<p class=\"\" data-start=\"1091\" data-end=\"1212\">Essa \u00e9 a <strong data-start=\"1100\" data-end=\"1126\">\u00fanica taxa da FELICOOP<\/strong> e \u00e9 aplicada para garantir a administra\u00e7\u00e3o completa dos seus honor\u00e1rios.<br data-start=\"1199\" data-end=\"1202\" \/>Ela cobre:<\/p>\n<p class=\"\" data-start=\"1214\" data-end=\"1436\">\u2714\ufe0f Acesso a parcerias exclusivas fechadas pela FELICOOP<br data-start=\"119\" data-end=\"122\" \/>\u2714\ufe0f Apoio operacional<br data-start=\"153\" data-end=\"156\" data-is-only-node=\"\" \/>\u2714\ufe0f Atendimento personalizado ao cooperado<br data-start=\"197\" data-end=\"200\" \/>\u2714\ufe0f Controle e recupera\u00e7\u00e3o de glosas<br data-start=\"235\" data-end=\"238\" \/>\u2714\ufe0f Emiss\u00e3o, confer\u00eancia e envio das faturas<br data-start=\"281\" data-end=\"284\" \/>\u2714\ufe0f Negocia\u00e7\u00e3o com operadoras<br data-start=\"312\" data-end=\"315\" \/>\u2714\ufe0f Repasse seguro dos valores<\/p>\n<p>[\/et_pb_text][\/et_pb_column][\/et_pb_row][\/et_pb_section][et_pb_section fb_built=&#8221;1&#8243; admin_label=&#8221;rodape geral&#8221; _builder_version=&#8221;4.18.0&#8243; _module_preset=&#8221;default&#8221; background_color=&#8221;#f7f7f7&#8243; border_width_top=&#8221;2px&#8221; border_color_top=&#8221;#F2F2F2&#8243; global_module=&#8221;75&#8243; saved_tabs=&#8221;all&#8221; collapsed=&#8221;off&#8221; global_colors_info=&#8221;{}&#8221;][et_pb_row column_structure=&#8221;1_3,1_3,1_3&#8243; _builder_version=&#8221;4.18.0&#8243; _module_preset=&#8221;default&#8221; global_colors_info=&#8221;{}&#8221;][et_pb_column type=&#8221;1_3&#8243; _builder_version=&#8221;4.18.0&#8243; _module_preset=&#8221;default&#8221; global_colors_info=&#8221;{}&#8221;][et_pb_text admin_label=&#8221;Seja um cooperado&#8221; _builder_version=&#8221;4.18.0&#8243; _module_preset=&#8221;default&#8221; text_font_size=&#8221;14px&#8221; header_3_font=&#8221;|300||on|||||&#8221; header_3_text_color=&#8221;#122C60&#8243; header_3_font_size=&#8221;20px&#8221; min_height=&#8221;385px&#8221; custom_padding=&#8221;25px|25px|25px|25px|false|false&#8221; box_shadow_style=&#8221;preset1&#8243; global_colors_info=&#8221;{}&#8221;]<\/p>\n<h3>Seja um cooperado<\/h3>\n<p>Visando maior comodidade e agilidade aos nossos cooperados, disponibilizamos abaixo fichas de atualiza\u00e7\u00e3o de cadastro e material de apoio, clique e veja a lista:<\/p>\n<p>[\/et_pb_text][et_pb_button button_url=&#8221;https:\/\/www.felicoop.org.br\/site\/?page_id=313&#8243; button_text=&#8221;CADASTRE-SE&#8221; admin_label=&#8221;CADASTRE-SE&#8221; _builder_version=&#8221;4.18.0&#8243; _module_preset=&#8221;default&#8221; custom_margin=&#8221;-100px|||25px|false|false&#8221; custom_padding=&#8221;||||false|false&#8221; global_colors_info=&#8221;{}&#8221;][\/et_pb_button][\/et_pb_column][et_pb_column type=&#8221;1_3&#8243; _builder_version=&#8221;4.18.0&#8243; _module_preset=&#8221;default&#8221; global_colors_info=&#8221;{}&#8221;][et_pb_text admin_label=&#8221;ENDERE\u00c7O&#8221; _builder_version=&#8221;4.18.0&#8243; _module_preset=&#8221;default&#8221; header_3_font=&#8221;|300||on|||||&#8221; header_3_text_color=&#8221;#122C60&#8243; header_3_font_size=&#8221;20px&#8221; header_5_text_color=&#8221;#3E5A93&#8243; header_5_font_size=&#8221;15px&#8221; header_5_line_height=&#8221;1.5em&#8221; min_height=&#8221;385px&#8221; custom_padding=&#8221;25px|25px|25px|25px|false|false&#8221; box_shadow_style=&#8221;preset1&#8243; global_colors_info=&#8221;{}&#8221;]<\/p>\n<h3>Endere\u00e7o:<\/h3>\n<h5>SEDE:<\/h5>\n<p>Av. do Contorno, 9636 \/ 5\u00b0 andar, Belo Horizonte &#8211; Minas Gerais &#8211; CEP 30110-936<\/p>\n<h5>Posto de atendimento<br \/>Hospital Fel\u00edcio Rocho:<\/h5>\n<p>Av. do Contorno, 9530 &#8211; 3\u00b0 andar, Belo Horizonte &#8211; Minas Gerais &#8211; CEP 30110-936<\/p>\n<h3>Hor\u00e1rio de funcionamento:<\/h3>\n<p><strong>Segunda a sexta-feira:<\/strong> 8h \u00e0s 18h<\/p>\n<p>[\/et_pb_text][\/et_pb_column][et_pb_column type=&#8221;1_3&#8243; _builder_version=&#8221;4.18.0&#8243; _module_preset=&#8221;default&#8221; global_colors_info=&#8221;{}&#8221;][et_pb_text admin_label=&#8221;Central de atendimento&#8221; _builder_version=&#8221;4.18.0&#8243; _module_preset=&#8221;default&#8221; text_font_size=&#8221;13px&#8221; header_3_font=&#8221;|300||on|||||&#8221; header_3_text_color=&#8221;#122C60&#8243; header_3_font_size=&#8221;20px&#8221; header_5_text_color=&#8221;#3E5A93&#8243; header_5_font_size=&#8221;18px&#8221; header_5_line_height=&#8221;1.5em&#8221; min_height=&#8221;385px&#8221; custom_padding=&#8221;25px|25px|25px|25px|false|false&#8221; box_shadow_style=&#8221;preset1&#8243; global_colors_info=&#8221;{}&#8221;]<\/p>\n<h3>Central de atendimento:<\/h3>\n<h5 style=\"padding-left: 40px;\"><strong>Telefone:<\/strong> (31) 3295-5033<\/h5>\n<p><strong>Faturamento\/repasse:<br \/><\/strong><a href=\"mailto:faturamento.convenios@felicoop.org.br\">\u00a0 \u00a0 \u00a0 \u00a0 faturamento.convenios@felicoop.org.br<\/a><\/p>\n<p><strong>Relacionamento:<br \/><\/strong>\u00a0 \u00a0 \u00a0 \u00a0 \u00a0<a href=\"mailto:relacionamento@felicoop.org.br\">relacionamento@felicoop.org.br<\/a><\/p>\n<p><strong>Auditoria:\u00a0<\/strong><br \/><a href=\"mailto:auditoria.interna@felicoop.org.br\">\u00a0 \u00a0 \u00a0 \u00a0 \u00a0auditoria.interna@felicoop.org.br<\/a><\/p>\n<p><strong>Negocia\u00e7\u00e3o:<br \/><\/strong>\u00a0 \u00a0 \u00a0 \u00a0 \u00a0<a href=\"mailto:negociacao@felicoop.org.br\">negociacao@felicoop.org.br<\/a><\/p>\n<p>[\/et_pb_text][\/et_pb_column][\/et_pb_row][\/et_pb_section][et_pb_section fb_built=&#8221;1&#8243; admin_label=&#8221;direitos + rede social&#8221; _builder_version=&#8221;4.18.0&#8243; _module_preset=&#8221;default&#8221; background_color=&#8221;#3e5a93&#8243; custom_padding=&#8221;13px||13px||false|false&#8221; global_module=&#8221;77&#8243; saved_tabs=&#8221;all&#8221; collapsed=&#8221;off&#8221; global_colors_info=&#8221;{}&#8221;][et_pb_row column_structure=&#8221;3_4,1_4&#8243; _builder_version=&#8221;4.18.0&#8243; _module_preset=&#8221;default&#8221; custom_padding=&#8221;0px||0px||false|false&#8221; global_colors_info=&#8221;{}&#8221;][et_pb_column type=&#8221;3_4&#8243; _builder_version=&#8221;4.18.0&#8243; _module_preset=&#8221;default&#8221; global_colors_info=&#8221;{}&#8221;][et_pb_text _builder_version=&#8221;4.18.0&#8243; _module_preset=&#8221;default&#8221; text_text_color=&#8221;#FFFFFF&#8221; text_font_size=&#8221;12px&#8221; custom_padding=&#8221;10px||||false|false&#8221; global_colors_info=&#8221;{}&#8221;]<\/p>\n<p>\u00a9 2023 &#8211; Todos os direitos reservados a FELICOOP &#8211; Cooperativa M\u00e9dica de Especialidades<\/p>\n<p>[\/et_pb_text][\/et_pb_column][et_pb_column type=&#8221;1_4&#8243; _builder_version=&#8221;4.18.0&#8243; _module_preset=&#8221;default&#8221; global_colors_info=&#8221;{}&#8221;][et_pb_image src=&#8221;https:\/\/www.felicoop.org.br\/site\/wp-content\/uploads\/2022\/09\/icone-instagram-rodape.png&#8221; title_text=&#8221;icone-instagram-rodape&#8221; url=&#8221;https:\/\/www.instagram.com\/felicoop\/&#8221; align=&#8221;right&#8221; _builder_version=&#8221;4.18.0&#8243; _module_preset=&#8221;default&#8221; global_colors_info=&#8221;{}&#8221;][\/et_pb_image][\/et_pb_column][\/et_pb_row][\/et_pb_section]<\/p>\n","protected":false},"excerpt":{"rendered":"<p>Taxas RepassePara garantir total transpar\u00eancia, compartilhamos abaixo as informa\u00e7\u00f5es sobre as reten\u00e7\u00f5es legais e a taxa administrativa aplicadas aos repasses realizados pela cooperativa. \ud83d\udd37 Tributos obrigat\u00f3rios (por determina\u00e7\u00e3o legal):Esses valores s\u00e3o recolhidos conforme a legisla\u00e7\u00e3o vigente e n\u00e3o s\u00e3o definidos pela cooperativa: INSS: 20% sobre o teto de contribui\u00e7\u00e3o (R$ 8.475,55 em 2026), com reten\u00e7\u00e3o [&hellip;]<\/p>\n","protected":false},"author":1,"featured_media":0,"parent":0,"menu_order":0,"comment_status":"closed","ping_status":"closed","template":"","meta":{"_et_pb_use_builder":"on","_et_pb_old_content":"","_et_gb_content_width":"","footnotes":""},"class_list":["post-583","page","type-page","status-publish","hentry"],"_links":{"self":[{"href":"https:\/\/www.felicoop.org.br\/site\/index.php?rest_route=\/wp\/v2\/pages\/583","targetHints":{"allow":["GET"]}}],"collection":[{"href":"https:\/\/www.felicoop.org.br\/site\/index.php?rest_route=\/wp\/v2\/pages"}],"about":[{"href":"https:\/\/www.felicoop.org.br\/site\/index.php?rest_route=\/wp\/v2\/types\/page"}],"author":[{"embeddable":true,"href":"https:\/\/www.felicoop.org.br\/site\/index.php?rest_route=\/wp\/v2\/users\/1"}],"replies":[{"embeddable":true,"href":"https:\/\/www.felicoop.org.br\/site\/index.php?rest_route=%2Fwp%2Fv2%2Fcomments&post=583"}],"version-history":[{"count":20,"href":"https:\/\/www.felicoop.org.br\/site\/index.php?rest_route=\/wp\/v2\/pages\/583\/revisions"}],"predecessor-version":[{"id":2617,"href":"https:\/\/www.felicoop.org.br\/site\/index.php?rest_route=\/wp\/v2\/pages\/583\/revisions\/2617"}],"wp:attachment":[{"href":"https:\/\/www.felicoop.org.br\/site\/index.php?rest_route=%2Fwp%2Fv2%2Fmedia&parent=583"}],"curies":[{"name":"wp","href":"https:\/\/api.w.org\/{rel}","templated":true}]}}