{"id":571,"date":"2022-12-13T17:44:16","date_gmt":"2022-12-13T20:44:16","guid":{"rendered":"https:\/\/www.felicoop.org.br\/site\/?page_id=571"},"modified":"2025-10-07T18:20:53","modified_gmt":"2025-10-07T21:20:53","slug":"convenios","status":"publish","type":"page","link":"https:\/\/www.felicoop.org.br\/site\/?page_id=571","title":{"rendered":"Modulos \u00c1rea Restrita"},"content":{"rendered":"<div class=\"members-access-error\">\n<h3 style=\"text-align: center\">Se voc\u00ea \u00e9 um cooperado e deseja fazer login, <a href=\"https:\/\/www.felicoop.org.br\/site\/?page_id=322\" target=\"_blank\" rel=\"noopener\">clique aqui.<\/a><\/h3>\n<p style=\"text-align: center\">\n<h3 style=\"text-align: center\">Aten\u00e7\u00e3o:<\/h3>\n<p style=\"text-align: center\">Desculpe, mas voc\u00ea n\u00e3o tem permiss\u00e3o para visualizar este conte\u00fado,<br \/>\nfavor entrar em contato pelo telefone:<\/p>\n<p style=\"text-align: center\"><strong>Segunda a Sexta, das 08h \u00e0s 18h.<\/strong><br \/>\n<strong>Telefone: (31) 3295-5033<\/strong><\/p>\n<\/div>\n","protected":false},"excerpt":{"rendered":"<div class=\"members-access-error\">\n<h3 style=\"text-align: center\">Se voc\u00ea \u00e9 um cooperado e deseja fazer login, <a href=\"https:\/\/www.felicoop.org.br\/site\/?page_id=322\" target=\"_blank\" rel=\"noopener\">clique aqui.<\/a><\/h3>\n<p style=\"text-align: center\">\n<h3 style=\"text-align: center\">Aten\u00e7\u00e3o:<\/h3>\n<p style=\"text-align: center\">Desculpe, mas voc\u00ea n\u00e3o tem permiss\u00e3o para visualizar este conte\u00fado,<br \/>\nfavor entrar em contato pelo telefone:<\/p>\n<p style=\"text-align: center\"><strong>Segunda a Sexta, das 08h \u00e0s 18h.<\/strong><br \/>\n<strong>Telefone: (31) 3295-5033<\/strong><\/p>\n<\/div>\n","protected":false},"author":1,"featured_media":0,"parent":0,"menu_order":0,"comment_status":"closed","ping_status":"closed","template":"","meta":{"_et_pb_use_builder":"on","_et_pb_old_content":"","_et_gb_content_width":"","footnotes":""},"class_list":["post-571","page","type-page","status-publish","hentry"],"_links":{"self":[{"href":"https:\/\/www.felicoop.org.br\/site\/index.php?rest_route=\/wp\/v2\/pages\/571","targetHints":{"allow":["GET"]}}],"collection":[{"href":"https:\/\/www.felicoop.org.br\/site\/index.php?rest_route=\/wp\/v2\/pages"}],"about":[{"href":"https:\/\/www.felicoop.org.br\/site\/index.php?rest_route=\/wp\/v2\/types\/page"}],"author":[{"embeddable":true,"href":"https:\/\/www.felicoop.org.br\/site\/index.php?rest_route=\/wp\/v2\/users\/1"}],"replies":[{"embeddable":true,"href":"https:\/\/www.felicoop.org.br\/site\/index.php?rest_route=%2Fwp%2Fv2%2Fcomments&post=571"}],"version-history":[{"count":35,"href":"https:\/\/www.felicoop.org.br\/site\/index.php?rest_route=\/wp\/v2\/pages\/571\/revisions"}],"predecessor-version":[{"id":2554,"href":"https:\/\/www.felicoop.org.br\/site\/index.php?rest_route=\/wp\/v2\/pages\/571\/revisions\/2554"}],"wp:attachment":[{"href":"https:\/\/www.felicoop.org.br\/site\/index.php?rest_route=%2Fwp%2Fv2%2Fmedia&parent=571"}],"curies":[{"name":"wp","href":"https:\/\/api.w.org\/{rel}","templated":true}]}}