{"id":285,"date":"2022-09-12T20:50:50","date_gmt":"2022-09-12T23:50:50","guid":{"rendered":"https:\/\/www.felicoop.org.br\/site\/?page_id=285"},"modified":"2022-12-14T14:13:02","modified_gmt":"2022-12-14T17:13:02","slug":"contato","status":"publish","type":"page","link":"https:\/\/www.felicoop.org.br\/site\/?page_id=285","title":{"rendered":"Contato"},"content":{"rendered":"<p>[et_pb_section fb_built=&#8221;1&#8243; _builder_version=&#8221;4.18.0&#8243; _module_preset=&#8221;default&#8221; background_color=&#8221;#3E5A93&#8243; global_colors_info=&#8221;{}&#8221;][et_pb_row column_structure=&#8221;3_4,1_4&#8243; _builder_version=&#8221;4.18.0&#8243; _module_preset=&#8221;default&#8221; global_colors_info=&#8221;{}&#8221;][et_pb_column type=&#8221;3_4&#8243; _builder_version=&#8221;4.18.0&#8243; _module_preset=&#8221;default&#8221; global_colors_info=&#8221;{}&#8221;][et_pb_text _builder_version=&#8221;4.18.0&#8243; _module_preset=&#8221;default&#8221; header_font=&#8221;|300|||||||&#8221; header_text_color=&#8221;#FFFFFF&#8221; global_colors_info=&#8221;{}&#8221;]<\/p>\n<h1>Contato<\/h1>\n<p>[\/et_pb_text][\/et_pb_column][et_pb_column type=&#8221;1_4&#8243; _builder_version=&#8221;4.18.0&#8243; _module_preset=&#8221;default&#8221; global_colors_info=&#8221;{}&#8221;][\/et_pb_column][\/et_pb_row][\/et_pb_section][et_pb_section fb_built=&#8221;1&#8243; _builder_version=&#8221;4.18.0&#8243; _module_preset=&#8221;default&#8221; global_colors_info=&#8221;{}&#8221;][et_pb_row column_structure=&#8221;2_3,1_3&#8243; _builder_version=&#8221;4.18.0&#8243; _module_preset=&#8221;default&#8221; global_colors_info=&#8221;{}&#8221;][et_pb_column type=&#8221;2_3&#8243; _builder_version=&#8221;4.18.0&#8243; _module_preset=&#8221;default&#8221; global_colors_info=&#8221;{}&#8221;][et_pb_text _builder_version=&#8221;4.18.0&#8243; _module_preset=&#8221;default&#8221; global_colors_info=&#8221;{}&#8221;]<\/p>\n<p>Esse espa\u00e7o \u00e9 seu canal de comunica\u00e7\u00e3o com a Felicoop. Uma plataforma onde receberemos as suas d\u00favidas, sugest\u00f5es e outros assuntos para melhor atend\u00ea-los.<\/p>\n<p>[\/et_pb_text][et_pb_contact_form _builder_version=&#8221;4.18.0&#8243; _module_preset=&#8221;default&#8221; _unique_id=&#8221;c5ae50b4-f087-4048-80dc-53b87bc32c9a&#8221; form_field_background_color=&#8221;#c2d4e8&#8243; form_field_text_color=&#8221;#3E5A93&#8243; form_field_focus_background_color=&#8221;#93BDE8&#8243; form_field_focus_text_color=&#8221;#F2F2F2&#8243; global_colors_info=&#8221;{}&#8221;][et_pb_contact_field field_id=&#8221;Name&#8221; field_title=&#8221;Nome&#8221; fullwidth_field=&#8221;on&#8221; _builder_version=&#8221;4.18.0&#8243; global_colors_info=&#8221;{}&#8221; button_text_size__hover_enabled=&#8221;off&#8221; button_one_text_size__hover_enabled=&#8221;off&#8221; button_two_text_size__hover_enabled=&#8221;off&#8221; button_text_color__hover_enabled=&#8221;off&#8221; button_one_text_color__hover_enabled=&#8221;off&#8221; button_two_text_color__hover_enabled=&#8221;off&#8221; button_border_width__hover_enabled=&#8221;off&#8221; button_one_border_width__hover_enabled=&#8221;off&#8221; button_two_border_width__hover_enabled=&#8221;off&#8221; button_border_color__hover_enabled=&#8221;off&#8221; button_one_border_color__hover_enabled=&#8221;off&#8221; button_two_border_color__hover_enabled=&#8221;off&#8221; button_border_radius__hover_enabled=&#8221;off&#8221; button_one_border_radius__hover_enabled=&#8221;off&#8221; button_two_border_radius__hover_enabled=&#8221;off&#8221; button_letter_spacing__hover_enabled=&#8221;off&#8221; button_one_letter_spacing__hover_enabled=&#8221;off&#8221; button_two_letter_spacing__hover_enabled=&#8221;off&#8221; button_bg_color__hover_enabled=&#8221;off&#8221; button_one_bg_color__hover_enabled=&#8221;off&#8221; button_two_bg_color__hover_enabled=&#8221;off&#8221;][\/et_pb_contact_field][et_pb_contact_field field_id=&#8221;Email&#8221; field_title=&#8221;E-mail&#8221; field_type=&#8221;email&#8221; _builder_version=&#8221;4.18.0&#8243; global_colors_info=&#8221;{}&#8221; button_text_size__hover_enabled=&#8221;off&#8221; button_one_text_size__hover_enabled=&#8221;off&#8221; button_two_text_size__hover_enabled=&#8221;off&#8221; button_text_color__hover_enabled=&#8221;off&#8221; button_one_text_color__hover_enabled=&#8221;off&#8221; button_two_text_color__hover_enabled=&#8221;off&#8221; button_border_width__hover_enabled=&#8221;off&#8221; button_one_border_width__hover_enabled=&#8221;off&#8221; button_two_border_width__hover_enabled=&#8221;off&#8221; button_border_color__hover_enabled=&#8221;off&#8221; button_one_border_color__hover_enabled=&#8221;off&#8221; button_two_border_color__hover_enabled=&#8221;off&#8221; button_border_radius__hover_enabled=&#8221;off&#8221; button_one_border_radius__hover_enabled=&#8221;off&#8221; button_two_border_radius__hover_enabled=&#8221;off&#8221; button_letter_spacing__hover_enabled=&#8221;off&#8221; button_one_letter_spacing__hover_enabled=&#8221;off&#8221; button_two_letter_spacing__hover_enabled=&#8221;off&#8221; button_bg_color__hover_enabled=&#8221;off&#8221; button_one_bg_color__hover_enabled=&#8221;off&#8221; button_two_bg_color__hover_enabled=&#8221;off&#8221;][\/et_pb_contact_field][et_pb_contact_field field_id=&#8221;Telefone&#8221; field_title=&#8221;Telefone&#8221; _builder_version=&#8221;4.18.0&#8243; _module_preset=&#8221;default&#8221; global_colors_info=&#8221;{}&#8221;][\/et_pb_contact_field][et_pb_contact_field field_id=&#8221;Message&#8221; field_title=&#8221;Mensagem&#8221; field_type=&#8221;text&#8221; fullwidth_field=&#8221;on&#8221; _builder_version=&#8221;4.16&#8243; global_colors_info=&#8221;{}&#8221; button_text_size__hover_enabled=&#8221;off&#8221; button_one_text_size__hover_enabled=&#8221;off&#8221; button_two_text_size__hover_enabled=&#8221;off&#8221; button_text_color__hover_enabled=&#8221;off&#8221; button_one_text_color__hover_enabled=&#8221;off&#8221; button_two_text_color__hover_enabled=&#8221;off&#8221; button_border_width__hover_enabled=&#8221;off&#8221; button_one_border_width__hover_enabled=&#8221;off&#8221; button_two_border_width__hover_enabled=&#8221;off&#8221; button_border_color__hover_enabled=&#8221;off&#8221; button_one_border_color__hover_enabled=&#8221;off&#8221; button_two_border_color__hover_enabled=&#8221;off&#8221; button_border_radius__hover_enabled=&#8221;off&#8221; button_one_border_radius__hover_enabled=&#8221;off&#8221; button_two_border_radius__hover_enabled=&#8221;off&#8221; button_letter_spacing__hover_enabled=&#8221;off&#8221; button_one_letter_spacing__hover_enabled=&#8221;off&#8221; button_two_letter_spacing__hover_enabled=&#8221;off&#8221; button_bg_color__hover_enabled=&#8221;off&#8221; button_one_bg_color__hover_enabled=&#8221;off&#8221; button_two_bg_color__hover_enabled=&#8221;off&#8221;][\/et_pb_contact_field][\/et_pb_contact_form][\/et_pb_column][et_pb_column type=&#8221;1_3&#8243; _builder_version=&#8221;4.18.0&#8243; _module_preset=&#8221;default&#8221; global_colors_info=&#8221;{}&#8221;][et_pb_text _builder_version=&#8221;4.18.0&#8243; _module_preset=&#8221;default&#8221; header_3_font_size=&#8221;20px&#8221; global_colors_info=&#8221;{}&#8221;][\/et_pb_text][\/et_pb_column][\/et_pb_row][\/et_pb_section][et_pb_section fb_built=&#8221;1&#8243; fullwidth=&#8221;on&#8221; _builder_version=&#8221;4.18.0&#8243; _module_preset=&#8221;default&#8221; global_colors_info=&#8221;{}&#8221;][et_pb_fullwidth_code _builder_version=&#8221;4.18.0&#8243; _module_preset=&#8221;default&#8221; global_colors_info=&#8221;{}&#8221;]<iframe src=\"https:\/\/www.google.com\/maps\/embed?pb=!1m14!1m8!1m3!1d7502.1161690788995!2d-43.957051!3d-19.921957!3m2!1i1024!2i768!4f13.1!3m3!1m2!1s0x0%3A0xdaee1d48d1d86f4f!2sFelicoop-Cooperativa%20M%C3%A9dica%20de%20Especialidades!5e0!3m2!1spt-BR!2sbr!4v1663029094826!5m2!1spt-BR!2sbr\" width=\"100%\" height=\"450\" style=\"border:0;\" allowfullscreen=\"\" loading=\"lazy\" referrerpolicy=\"no-referrer-when-downgrade\"><\/iframe>[\/et_pb_fullwidth_code][\/et_pb_section][et_pb_section fb_built=&#8221;1&#8243; admin_label=&#8221;rodape geral&#8221; _builder_version=&#8221;4.18.0&#8243; _module_preset=&#8221;default&#8221; background_color=&#8221;#f7f7f7&#8243; border_width_top=&#8221;2px&#8221; border_color_top=&#8221;#F2F2F2&#8243; global_module=&#8221;75&#8243; saved_tabs=&#8221;all&#8221; global_colors_info=&#8221;{}&#8221;][et_pb_row column_structure=&#8221;1_3,1_3,1_3&#8243; _builder_version=&#8221;4.18.0&#8243; _module_preset=&#8221;default&#8221; global_colors_info=&#8221;{}&#8221;][et_pb_column type=&#8221;1_3&#8243; _builder_version=&#8221;4.18.0&#8243; _module_preset=&#8221;default&#8221; global_colors_info=&#8221;{}&#8221;][et_pb_text admin_label=&#8221;Seja um cooperado&#8221; _builder_version=&#8221;4.18.0&#8243; _module_preset=&#8221;default&#8221; text_font_size=&#8221;14px&#8221; header_3_font=&#8221;|300||on|||||&#8221; header_3_text_color=&#8221;#122C60&#8243; header_3_font_size=&#8221;20px&#8221; min_height=&#8221;385px&#8221; custom_padding=&#8221;25px|25px|25px|25px|false|false&#8221; box_shadow_style=&#8221;preset1&#8243; global_colors_info=&#8221;{}&#8221;]<\/p>\n<h3>Seja um cooperado<\/h3>\n<p>Visando maior comodidade e agilidade aos nossos cooperados, disponibilizamos abaixo fichas de atualiza\u00e7\u00e3o de cadastro e material de apoio, clique e veja a lista:<\/p>\n<p>[\/et_pb_text][et_pb_button button_text=&#8221;CADASTRE-SE&#8221; admin_label=&#8221;CADASTRE-SE&#8221; _builder_version=&#8221;4.18.0&#8243; _module_preset=&#8221;default&#8221; custom_margin=&#8221;-100px|||25px|false|false&#8221; custom_padding=&#8221;||||false|false&#8221; global_colors_info=&#8221;{}&#8221;][\/et_pb_button][\/et_pb_column][et_pb_column type=&#8221;1_3&#8243; _builder_version=&#8221;4.18.0&#8243; _module_preset=&#8221;default&#8221; global_colors_info=&#8221;{}&#8221;][et_pb_text admin_label=&#8221;ENDERE\u00c7O&#8221; _builder_version=&#8221;4.18.0&#8243; _module_preset=&#8221;default&#8221; header_3_font=&#8221;|300||on|||||&#8221; header_3_text_color=&#8221;#122C60&#8243; header_3_font_size=&#8221;20px&#8221; header_5_text_color=&#8221;#3E5A93&#8243; header_5_font_size=&#8221;15px&#8221; header_5_line_height=&#8221;1.5em&#8221; min_height=&#8221;385px&#8221; custom_padding=&#8221;25px|25px|25px|25px|false|false&#8221; box_shadow_style=&#8221;preset1&#8243; global_colors_info=&#8221;{}&#8221;]<\/p>\n<h3>Endere\u00e7o:<\/h3>\n<h5>SEDE:<\/h5>\n<p>Av. do Contorno, 9636 \/ 5\u00b0 andar, Belo Horizonte &#8211; Minas Gerais &#8211; CEP 30110-936<\/p>\n<h5>Posto de atendimento<br \/>Hospital Fel\u00edcio Rocho:<\/h5>\n<p>Av. do Contorno, 9530 &#8211; 3\u00b0 andar, Belo Horizonte &#8211; Minas Gerais &#8211; CEP 30110-936<\/p>\n<h3>Hor\u00e1rio de funcionamento:<\/h3>\n<p><strong>Segunda a sexta-feira:<\/strong> 8h \u00e0s 18h<\/p>\n<p>[\/et_pb_text][\/et_pb_column][et_pb_column type=&#8221;1_3&#8243; _builder_version=&#8221;4.18.0&#8243; _module_preset=&#8221;default&#8221; global_colors_info=&#8221;{}&#8221;][et_pb_text admin_label=&#8221;Central de atendimento&#8221; _builder_version=&#8221;4.18.0&#8243; _module_preset=&#8221;default&#8221; text_font_size=&#8221;13px&#8221; header_3_font=&#8221;|300||on|||||&#8221; header_3_text_color=&#8221;#122C60&#8243; header_3_font_size=&#8221;20px&#8221; header_5_text_color=&#8221;#3E5A93&#8243; header_5_font_size=&#8221;18px&#8221; header_5_line_height=&#8221;1.5em&#8221; min_height=&#8221;385px&#8221; custom_padding=&#8221;25px|25px|25px|25px|false|false&#8221; hover_enabled=&#8221;0&#8243; box_shadow_style=&#8221;preset1&#8243; global_colors_info=&#8221;{}&#8221; sticky_enabled=&#8221;0&#8243;]<\/p>\n<h3>Central de atendimento:<\/h3>\n<h5 style=\"padding-left: 40px;\"><strong>Telefone:<\/strong> (31) 3295-5033<\/h5>\n<p><strong>Faturamento\/repasse:<br \/><\/strong><a href=\"mailto:faturamento.convenios@felicoop.org.br\">\u00a0 \u00a0 \u00a0 \u00a0 faturamento.convenios@felicoop.org.br<\/a><\/p>\n<p><strong>Relacionamento:<br \/><\/strong>\u00a0 \u00a0 \u00a0 \u00a0 \u00a0<a href=\"mailto:fatima.santos@felicoop.org.br\">fatima.santos@felicoop.org.br<\/a><\/p>\n<p><strong>Auditoria:\u00a0<\/strong><br \/><a href=\"mailto:auditoria.interna@felicoop.org.br\">\u00a0 \u00a0 \u00a0 \u00a0 \u00a0auditoria.interna@felicoop.org.br<\/a><\/p>\n<p><strong>Negocia\u00e7\u00e3o:\u00a0<br \/><\/strong>\u00a0 \u00a0 \u00a0 \u00a0 \u00a0<a href=\"mailto:negociacao@felicoop.org.br\">negociacao@felicoop.org.br<\/a><\/p>\n<p>[\/et_pb_text][\/et_pb_column][\/et_pb_row][\/et_pb_section][et_pb_section fb_built=&#8221;1&#8243; admin_label=&#8221;direitos + rede social&#8221; _builder_version=&#8221;4.18.0&#8243; _module_preset=&#8221;default&#8221; background_color=&#8221;#3e5a93&#8243; custom_padding=&#8221;13px||13px||false|false&#8221; global_module=&#8221;77&#8243; saved_tabs=&#8221;all&#8221; global_colors_info=&#8221;{}&#8221;][et_pb_row column_structure=&#8221;3_4,1_4&#8243; _builder_version=&#8221;4.18.0&#8243; _module_preset=&#8221;default&#8221; custom_padding=&#8221;0px||0px||false|false&#8221; global_colors_info=&#8221;{}&#8221;][et_pb_column type=&#8221;3_4&#8243; _builder_version=&#8221;4.18.0&#8243; _module_preset=&#8221;default&#8221; global_colors_info=&#8221;{}&#8221;][et_pb_text _builder_version=&#8221;4.18.0&#8243; _module_preset=&#8221;default&#8221; text_text_color=&#8221;#FFFFFF&#8221; text_font_size=&#8221;12px&#8221; custom_padding=&#8221;10px||||false|false&#8221; global_colors_info=&#8221;{}&#8221;]<\/p>\n<p>\u00a9 2022 &#8211; Todos os direitos reservados a FELICOOP &#8211; Cooperativa M\u00e9dica de Especialidades<\/p>\n<p>[\/et_pb_text][\/et_pb_column][et_pb_column type=&#8221;1_4&#8243; _builder_version=&#8221;4.18.0&#8243; _module_preset=&#8221;default&#8221; global_colors_info=&#8221;{}&#8221;][et_pb_image src=&#8221;https:\/\/www.felicoop.org.br\/site\/wp-content\/uploads\/2022\/09\/icone-instagram-rodape.png&#8221; title_text=&#8221;icone-instagram-rodape&#8221; url=&#8221;https:\/\/www.instagram.com\/felicoop\/&#8221; align=&#8221;right&#8221; _builder_version=&#8221;4.18.0&#8243; _module_preset=&#8221;default&#8221; global_colors_info=&#8221;{}&#8221;][\/et_pb_image][\/et_pb_column][\/et_pb_row][\/et_pb_section]<\/p>\n","protected":false},"excerpt":{"rendered":"<p>ContatoEsse espa\u00e7o \u00e9 seu canal de comunica\u00e7\u00e3o com a Felicoop. Uma plataforma onde receberemos as suas d\u00favidas, sugest\u00f5es e outros assuntos para melhor atend\u00ea-los.Seja um cooperado Visando maior comodidade e agilidade aos nossos cooperados, disponibilizamos abaixo fichas de atualiza\u00e7\u00e3o de cadastro e material de apoio, clique e veja a lista:Endere\u00e7o: SEDE: Av. do Contorno, 9636 [&hellip;]<\/p>\n","protected":false},"author":1,"featured_media":0,"parent":0,"menu_order":0,"comment_status":"closed","ping_status":"closed","template":"","meta":{"_et_pb_use_builder":"on","_et_pb_old_content":"","_et_gb_content_width":"","footnotes":""},"class_list":["post-285","page","type-page","status-publish","hentry"],"_links":{"self":[{"href":"https:\/\/www.felicoop.org.br\/site\/index.php?rest_route=\/wp\/v2\/pages\/285","targetHints":{"allow":["GET"]}}],"collection":[{"href":"https:\/\/www.felicoop.org.br\/site\/index.php?rest_route=\/wp\/v2\/pages"}],"about":[{"href":"https:\/\/www.felicoop.org.br\/site\/index.php?rest_route=\/wp\/v2\/types\/page"}],"author":[{"embeddable":true,"href":"https:\/\/www.felicoop.org.br\/site\/index.php?rest_route=\/wp\/v2\/users\/1"}],"replies":[{"embeddable":true,"href":"https:\/\/www.felicoop.org.br\/site\/index.php?rest_route=%2Fwp%2Fv2%2Fcomments&post=285"}],"version-history":[{"count":19,"href":"https:\/\/www.felicoop.org.br\/site\/index.php?rest_route=\/wp\/v2\/pages\/285\/revisions"}],"predecessor-version":[{"id":656,"href":"https:\/\/www.felicoop.org.br\/site\/index.php?rest_route=\/wp\/v2\/pages\/285\/revisions\/656"}],"wp:attachment":[{"href":"https:\/\/www.felicoop.org.br\/site\/index.php?rest_route=%2Fwp%2Fv2%2Fmedia&parent=285"}],"curies":[{"name":"wp","href":"https:\/\/api.w.org\/{rel}","templated":true}]}}