{"id":280,"date":"2022-09-12T20:40:15","date_gmt":"2022-09-12T23:40:15","guid":{"rendered":"https:\/\/www.felicoop.org.br\/site\/?page_id=280"},"modified":"2022-09-12T21:03:25","modified_gmt":"2022-09-13T00:03:25","slug":"trabalhe-conosco","status":"publish","type":"page","link":"https:\/\/www.felicoop.org.br\/site\/?page_id=280","title":{"rendered":"Trabalhe Conosco"},"content":{"rendered":"<p>[et_pb_section fb_built=&#8221;1&#8243; _builder_version=&#8221;4.18.0&#8243; _module_preset=&#8221;default&#8221; background_color=&#8221;#3E5A93&#8243; global_colors_info=&#8221;{}&#8221;][et_pb_row column_structure=&#8221;3_4,1_4&#8243; _builder_version=&#8221;4.18.0&#8243; _module_preset=&#8221;default&#8221; global_colors_info=&#8221;{}&#8221;][et_pb_column type=&#8221;3_4&#8243; _builder_version=&#8221;4.18.0&#8243; _module_preset=&#8221;default&#8221; global_colors_info=&#8221;{}&#8221;][et_pb_text _builder_version=&#8221;4.18.0&#8243; _module_preset=&#8221;default&#8221; header_font=&#8221;|300|||||||&#8221; header_text_color=&#8221;#FFFFFF&#8221; global_colors_info=&#8221;{}&#8221;]<\/p>\n<h1>Trabalhe Conosco<\/h1>\n<p>[\/et_pb_text][\/et_pb_column][et_pb_column type=&#8221;1_4&#8243; _builder_version=&#8221;4.18.0&#8243; _module_preset=&#8221;default&#8221; global_colors_info=&#8221;{}&#8221;][\/et_pb_column][\/et_pb_row][\/et_pb_section][et_pb_section fb_built=&#8221;1&#8243; _builder_version=&#8221;4.18.0&#8243; _module_preset=&#8221;default&#8221; global_colors_info=&#8221;{}&#8221;][et_pb_row column_structure=&#8221;2_3,1_3&#8243; _builder_version=&#8221;4.18.0&#8243; _module_preset=&#8221;default&#8221; global_colors_info=&#8221;{}&#8221;][et_pb_column type=&#8221;2_3&#8243; _builder_version=&#8221;4.18.0&#8243; _module_preset=&#8221;default&#8221; global_colors_info=&#8221;{}&#8221;][et_pb_text _builder_version=&#8221;4.18.0&#8243; _module_preset=&#8221;default&#8221; hover_enabled=&#8221;0&#8243; sticky_enabled=&#8221;0&#8243;]<\/p>\n\n<div class=\"wpcf7 no-js\" id=\"wpcf7-f284-o1\" lang=\"pt-BR\" dir=\"ltr\">\n<div class=\"screen-reader-response\"><p role=\"status\" aria-live=\"polite\" aria-atomic=\"true\"><\/p> <ul><\/ul><\/div>\n<form action=\"\/site\/index.php?rest_route=%2Fwp%2Fv2%2Fpages%2F280#wpcf7-f284-o1\" method=\"post\" class=\"wpcf7-form init\" aria-label=\"Formul\u00e1rios de contato\" enctype=\"multipart\/form-data\" novalidate=\"novalidate\" data-status=\"init\">\n<div style=\"display: none;\">\n<input type=\"hidden\" name=\"_wpcf7\" value=\"284\" \/>\n<input type=\"hidden\" name=\"_wpcf7_version\" value=\"5.7.7\" \/>\n<input type=\"hidden\" name=\"_wpcf7_locale\" value=\"pt_BR\" \/>\n<input type=\"hidden\" name=\"_wpcf7_unit_tag\" value=\"wpcf7-f284-o1\" \/>\n<input type=\"hidden\" name=\"_wpcf7_container_post\" value=\"0\" \/>\n<input type=\"hidden\" name=\"_wpcf7_posted_data_hash\" value=\"\" \/>\n<\/div>\n<div class=\"trabalhe-conosco\">\n\t<p><span class=\"wpcf7-form-control-wrap\" data-name=\"Nome\"><input size=\"40\" class=\"wpcf7-form-control wpcf7-text wpcf7-validates-as-required campo-input\" aria-required=\"true\" aria-invalid=\"false\" value=\"Nome\" type=\"text\" name=\"Nome\" \/><\/span>\n\t<\/p>\n\t<p><span class=\"wpcf7-form-control-wrap\" data-name=\"email\"><input size=\"40\" class=\"wpcf7-form-control wpcf7-text wpcf7-email wpcf7-validates-as-required wpcf7-validates-as-email campo-input\" aria-required=\"true\" aria-invalid=\"false\" value=\"E-mail\" type=\"email\" name=\"email\" \/><\/span>\n\t<\/p>\n\t<p><span class=\"wpcf7-form-control-wrap\" data-name=\"telefone\"><input size=\"40\" class=\"wpcf7-form-control wpcf7-text wpcf7-tel wpcf7-validates-as-required wpcf7-validates-as-tel campo-input\" aria-required=\"true\" aria-invalid=\"false\" value=\"Telefone\" type=\"tel\" name=\"telefone\" \/><\/span>\n\t<\/p>\n\t<p>Envie seu Curr\u00edculo\n\t<\/p>\n\t<p><span class=\"wpcf7-form-control-wrap\" data-name=\"selecione-arquivo\"><input size=\"40\" class=\"wpcf7-form-control wpcf7-file campo-input\" accept=\".pdf,.word\" aria-invalid=\"false\" type=\"file\" name=\"selecione-arquivo\" \/><\/span>\n\t<\/p>\n\t<p><span class=\"wpcf7-form-control-wrap\" data-name=\"Mensagem\"><textarea cols=\"40\" rows=\"10\" class=\"wpcf7-form-control wpcf7-textarea wpcf7-validates-as-required campo-input\" aria-required=\"true\" aria-invalid=\"false\" name=\"Mensagem\">Mensagem<\/textarea><\/span>\n\t<\/p>\n\t<p><input class=\"wpcf7-form-control has-spinner wpcf7-submit et_pb_contact_submit et_pb_button\" type=\"submit\" value=\"ENVIAR\" \/>\n\t<\/p>\n<\/div><div class=\"wpcf7-response-output\" aria-hidden=\"true\"><\/div>\n<\/form>\n<\/div>\n\n<p>[\/et_pb_text][\/et_pb_column][et_pb_column type=&#8221;1_3&#8243; _builder_version=&#8221;4.18.0&#8243; _module_preset=&#8221;default&#8221; global_colors_info=&#8221;{}&#8221;][\/et_pb_column][\/et_pb_row][\/et_pb_section][et_pb_section fb_built=&#8221;1&#8243; admin_label=&#8221;rodape geral&#8221; _builder_version=&#8221;4.18.0&#8243; _module_preset=&#8221;default&#8221; background_color=&#8221;#e3e3e3&#8243; global_module=&#8221;75&#8243; saved_tabs=&#8221;all&#8221; global_colors_info=&#8221;{}&#8221;][et_pb_row column_structure=&#8221;1_3,1_3,1_3&#8243; _builder_version=&#8221;4.18.0&#8243; _module_preset=&#8221;default&#8221; global_colors_info=&#8221;{}&#8221;][et_pb_column type=&#8221;1_3&#8243; _builder_version=&#8221;4.18.0&#8243; _module_preset=&#8221;default&#8221; global_colors_info=&#8221;{}&#8221;][et_pb_text admin_label=&#8221;Seja um cooperado&#8221; _builder_version=&#8221;4.18.0&#8243; _module_preset=&#8221;default&#8221; header_3_font=&#8221;|300||on|||||&#8221; header_3_text_color=&#8221;#122C60&#8243; header_3_font_size=&#8221;20px&#8221; global_colors_info=&#8221;{}&#8221;]<\/p>\n<h3>Seja um cooperado<\/h3>\n<p>[\/et_pb_text][et_pb_text admin_label=&#8221;Seja um cooperado&#8221; _builder_version=&#8221;4.18.0&#8243; _module_preset=&#8221;default&#8221; text_font_size=&#8221;14px&#8221; header_3_font=&#8221;|300||on|||||&#8221; header_3_text_color=&#8221;#122C60&#8243; header_3_font_size=&#8221;20px&#8221; custom_margin=&#8221;||30px||false|false&#8221; global_colors_info=&#8221;{}&#8221;]<\/p>\n<p>Visando maior comodidade e agilidade aos nossos cooperados, disponibilizamos abaixo fichas de atualiza\u00e7\u00e3o de cadastro e material de apoio, clique e veja a lista:<\/p>\n<p>[\/et_pb_text][et_pb_button button_text=&#8221;CADASTRE-SE&#8221; admin_label=&#8221;CADASTRE-SE&#8221; _builder_version=&#8221;4.18.0&#8243; _module_preset=&#8221;default&#8221; global_colors_info=&#8221;{}&#8221;][\/et_pb_button][\/et_pb_column][et_pb_column type=&#8221;1_3&#8243; _builder_version=&#8221;4.18.0&#8243; _module_preset=&#8221;default&#8221; global_colors_info=&#8221;{}&#8221;][et_pb_text admin_label=&#8221;ENDERE\u00c7O&#8221; _builder_version=&#8221;4.18.0&#8243; _module_preset=&#8221;default&#8221; header_3_font=&#8221;|300||on|||||&#8221; header_3_text_color=&#8221;#122C60&#8243; header_3_font_size=&#8221;20px&#8221; header_5_text_color=&#8221;#3E5A93&#8243; header_5_line_height=&#8221;1.5em&#8221; global_colors_info=&#8221;{}&#8221;]<\/p>\n<h3>Endere\u00e7o:<\/h3>\n<p>[\/et_pb_text][et_pb_text admin_label=&#8221;SEDE&#8221; _builder_version=&#8221;4.18.0&#8243; _module_preset=&#8221;default&#8221; text_font_size=&#8221;14px&#8221; header_3_font=&#8221;|300||on|||||&#8221; header_3_text_color=&#8221;#122C60&#8243; header_3_font_size=&#8221;20px&#8221; header_5_font=&#8221;|600|||||||&#8221; header_5_text_color=&#8221;#3E5A93&#8243; header_5_font_size=&#8221;14px&#8221; global_colors_info=&#8221;{}&#8221;]<\/p>\n<h5>SEDE:<\/h5>\n<p>Av. do Contorno, 9636 \/ 5\u00b0 andar, Belo Horizonte &#8211; Minas Gerais &#8211; CEP 30110-936<\/p>\n<p>[\/et_pb_text][et_pb_text admin_label=&#8221;Posto de atendimento Hospital Fel\u00edcio Rocho&#8221; _builder_version=&#8221;4.18.0&#8243; _module_preset=&#8221;default&#8221; text_font_size=&#8221;14px&#8221; header_3_font=&#8221;|300||on|||||&#8221; header_3_text_color=&#8221;#122C60&#8243; header_3_font_size=&#8221;20px&#8221; header_5_font=&#8221;|600|||||||&#8221; header_5_text_color=&#8221;#3E5A93&#8243; header_5_font_size=&#8221;14px&#8221; global_colors_info=&#8221;{}&#8221;]<\/p>\n<h5>Posto de atendimento Hospital Fel\u00edcio Rocho:<\/h5>\n<p>Av. do Contorno, 9500 \/ 3\u00b0 andar, Belo Horizonte &#8211; Minas Gerais &#8211; CEP 30110-936<\/p>\n<p>[\/et_pb_text][\/et_pb_column][et_pb_column type=&#8221;1_3&#8243; _builder_version=&#8221;4.18.0&#8243; _module_preset=&#8221;default&#8221; global_colors_info=&#8221;{}&#8221;][et_pb_text admin_label=&#8221;Central de atendimento&#8221; _builder_version=&#8221;4.18.0&#8243; _module_preset=&#8221;default&#8221; header_3_font=&#8221;|300||on|||||&#8221; header_3_text_color=&#8221;#122C60&#8243; header_3_font_size=&#8221;20px&#8221; header_5_text_color=&#8221;#3E5A93&#8243; header_5_line_height=&#8221;1.5em&#8221; global_colors_info=&#8221;{}&#8221;]<\/p>\n<h3>Central de atendimento:<\/h3>\n<p>[\/et_pb_text][et_pb_text admin_label=&#8221;telefone + email&#8221; _builder_version=&#8221;4.18.0&#8243; _module_preset=&#8221;default&#8221; text_font_size=&#8221;14px&#8221; header_3_font=&#8221;|300||on|||||&#8221; header_3_text_color=&#8221;#122C60&#8243; header_3_font_size=&#8221;20px&#8221; header_5_font=&#8221;|600|||||||&#8221; header_5_text_color=&#8221;#3E5A93&#8243; header_5_font_size=&#8221;14px&#8221; global_colors_info=&#8221;{}&#8221;]<\/p>\n<p style=\"padding-left: 40px;\"><strong>Telefone:<\/strong> (31) 3295-5033<\/p>\n<p style=\"padding-left: 40px;\"><strong>E-mail:<\/strong> <a href=\"mailto:contato@felicoop.org.br\">contato@felicoop.org.br<\/a><\/p>\n<p>[\/et_pb_text][et_pb_text admin_label=&#8221;Hor\u00e1rio de funcionamento&#8221; _builder_version=&#8221;4.18.0&#8243; _module_preset=&#8221;default&#8221; header_3_font=&#8221;|300||on|||||&#8221; header_3_text_color=&#8221;#122C60&#8243; header_3_font_size=&#8221;20px&#8221; header_5_text_color=&#8221;#3E5A93&#8243; header_5_line_height=&#8221;1.5em&#8221; global_colors_info=&#8221;{}&#8221;]<\/p>\n<h3>Hor\u00e1rio de funcionamento:<\/h3>\n<p>[\/et_pb_text][et_pb_text admin_label=&#8221;Posto de atendimento Hospital Fel\u00edcio Rocho&#8221; _builder_version=&#8221;4.18.0&#8243; _module_preset=&#8221;default&#8221; text_font_size=&#8221;14px&#8221; header_3_font=&#8221;|300||on|||||&#8221; header_3_text_color=&#8221;#122C60&#8243; header_3_font_size=&#8221;20px&#8221; header_5_font=&#8221;|600|||||||&#8221; header_5_text_color=&#8221;#3E5A93&#8243; header_5_font_size=&#8221;14px&#8221; global_colors_info=&#8221;{}&#8221;]<\/p>\n<p><strong>Segunda a sexta-feira:<\/strong> 8h \u00e0s 18h<br \/><strong>Fechado no hor\u00e1rio de almo\u00e7o:<\/strong> 12h \u00e0s 13h<\/p>\n<p>[\/et_pb_text][\/et_pb_column][\/et_pb_row][\/et_pb_section][et_pb_section fb_built=&#8221;1&#8243; admin_label=&#8221;direitos + rede social&#8221; _builder_version=&#8221;4.18.0&#8243; _module_preset=&#8221;default&#8221; background_color=&#8221;#3e5a93&#8243; custom_padding=&#8221;13px||13px||false|false&#8221; global_module=&#8221;77&#8243; saved_tabs=&#8221;all&#8221; global_colors_info=&#8221;{}&#8221;][et_pb_row column_structure=&#8221;3_4,1_4&#8243; _builder_version=&#8221;4.18.0&#8243; _module_preset=&#8221;default&#8221; custom_padding=&#8221;0px||0px||false|false&#8221; global_colors_info=&#8221;{}&#8221;][et_pb_column type=&#8221;3_4&#8243; _builder_version=&#8221;4.18.0&#8243; _module_preset=&#8221;default&#8221; global_colors_info=&#8221;{}&#8221;][et_pb_text _builder_version=&#8221;4.18.0&#8243; _module_preset=&#8221;default&#8221; text_text_color=&#8221;#FFFFFF&#8221; text_font_size=&#8221;12px&#8221; custom_padding=&#8221;10px||||false|false&#8221; global_colors_info=&#8221;{}&#8221;]<\/p>\n<p>\u00a9 2022 &#8211; Todos os direitos reservados a FELICOOP &#8211; Cooperativa M\u00e9dica de Especialidades<\/p>\n<p>[\/et_pb_text][\/et_pb_column][et_pb_column type=&#8221;1_4&#8243; _builder_version=&#8221;4.18.0&#8243; _module_preset=&#8221;default&#8221; global_colors_info=&#8221;{}&#8221;][et_pb_image src=&#8221;https:\/\/www.felicoop.org.br\/site\/wp-content\/uploads\/2022\/09\/icone-instagram-rodape.png&#8221; title_text=&#8221;icone-instagram-rodape&#8221; url=&#8221;https:\/\/www.instagram.com\/felicoop\/&#8221; align=&#8221;right&#8221; _builder_version=&#8221;4.18.0&#8243; _module_preset=&#8221;default&#8221; global_colors_info=&#8221;{}&#8221;][\/et_pb_image][\/et_pb_column][\/et_pb_row][\/et_pb_section]<\/p>\n","protected":false},"excerpt":{"rendered":"<p>Trabalhe Conosco\n<div class=\"wpcf7 no-js\" id=\"wpcf7-f284-o2\" lang=\"pt-BR\" dir=\"ltr\">\n<div class=\"screen-reader-response\"><p role=\"status\" aria-live=\"polite\" aria-atomic=\"true\"><\/p> <ul><\/ul><\/div>\n<form action=\"\/site\/index.php?rest_route=%2Fwp%2Fv2%2Fpages%2F280#wpcf7-f284-o2\" method=\"post\" class=\"wpcf7-form init\" aria-label=\"Formul\u00e1rios de contato\" enctype=\"multipart\/form-data\" novalidate=\"novalidate\" data-status=\"init\">\n<div style=\"display: none;\">\n<input type=\"hidden\" name=\"_wpcf7\" value=\"284\" \/>\n<input type=\"hidden\" name=\"_wpcf7_version\" value=\"5.7.7\" \/>\n<input type=\"hidden\" name=\"_wpcf7_locale\" value=\"pt_BR\" \/>\n<input type=\"hidden\" name=\"_wpcf7_unit_tag\" value=\"wpcf7-f284-o2\" \/>\n<input type=\"hidden\" name=\"_wpcf7_container_post\" value=\"0\" \/>\n<input type=\"hidden\" name=\"_wpcf7_posted_data_hash\" value=\"\" \/>\n<\/div>\n<div class=\"trabalhe-conosco\">\n\t<p><span class=\"wpcf7-form-control-wrap\" data-name=\"Nome\"><input size=\"40\" class=\"wpcf7-form-control wpcf7-text wpcf7-validates-as-required campo-input\" aria-required=\"true\" aria-invalid=\"false\" value=\"Nome\" type=\"text\" name=\"Nome\" \/><\/span>\n\t<\/p>\n\t<p><span class=\"wpcf7-form-control-wrap\" data-name=\"email\"><input size=\"40\" class=\"wpcf7-form-control wpcf7-text wpcf7-email wpcf7-validates-as-required wpcf7-validates-as-email campo-input\" aria-required=\"true\" aria-invalid=\"false\" value=\"E-mail\" type=\"email\" name=\"email\" \/><\/span>\n\t<\/p>\n\t<p><span class=\"wpcf7-form-control-wrap\" data-name=\"telefone\"><input size=\"40\" class=\"wpcf7-form-control wpcf7-text wpcf7-tel wpcf7-validates-as-required wpcf7-validates-as-tel campo-input\" aria-required=\"true\" aria-invalid=\"false\" value=\"Telefone\" type=\"tel\" name=\"telefone\" \/><\/span>\n\t<\/p>\n\t<p>Envie seu Curr\u00edculo\n\t<\/p>\n\t<p><span class=\"wpcf7-form-control-wrap\" data-name=\"selecione-arquivo\"><input size=\"40\" class=\"wpcf7-form-control wpcf7-file campo-input\" accept=\".pdf,.word\" aria-invalid=\"false\" type=\"file\" name=\"selecione-arquivo\" \/><\/span>\n\t<\/p>\n\t<p><span class=\"wpcf7-form-control-wrap\" data-name=\"Mensagem\"><textarea cols=\"40\" rows=\"10\" class=\"wpcf7-form-control wpcf7-textarea wpcf7-validates-as-required campo-input\" aria-required=\"true\" aria-invalid=\"false\" name=\"Mensagem\">Mensagem<\/textarea><\/span>\n\t<\/p>\n\t<p><input class=\"wpcf7-form-control has-spinner wpcf7-submit et_pb_contact_submit et_pb_button\" type=\"submit\" value=\"ENVIAR\" \/>\n\t<\/p>\n<\/div><div class=\"wpcf7-response-output\" aria-hidden=\"true\"><\/div>\n<\/form>\n<\/div>\nSeja um cooperadoVisando maior comodidade e agilidade aos nossos cooperados, disponibilizamos abaixo fichas de atualiza\u00e7\u00e3o de cadastro e material de apoio, clique e veja a lista:Endere\u00e7o:SEDE: Av. do Contorno, 9636 \/ 5\u00b0 andar, Belo Horizonte &#8211; Minas Gerais &#8211; CEP 30110-936Posto de atendimento Hospital Fel\u00edcio Rocho: Av. do Contorno, 9500 \/ 3\u00b0 [&hellip;]<\/p>\n","protected":false},"author":1,"featured_media":0,"parent":0,"menu_order":0,"comment_status":"closed","ping_status":"closed","template":"","meta":{"_et_pb_use_builder":"on","_et_pb_old_content":"","_et_gb_content_width":"","footnotes":""},"class_list":["post-280","page","type-page","status-publish","hentry"],"_links":{"self":[{"href":"https:\/\/www.felicoop.org.br\/site\/index.php?rest_route=\/wp\/v2\/pages\/280","targetHints":{"allow":["GET"]}}],"collection":[{"href":"https:\/\/www.felicoop.org.br\/site\/index.php?rest_route=\/wp\/v2\/pages"}],"about":[{"href":"https:\/\/www.felicoop.org.br\/site\/index.php?rest_route=\/wp\/v2\/types\/page"}],"author":[{"embeddable":true,"href":"https:\/\/www.felicoop.org.br\/site\/index.php?rest_route=\/wp\/v2\/users\/1"}],"replies":[{"embeddable":true,"href":"https:\/\/www.felicoop.org.br\/site\/index.php?rest_route=%2Fwp%2Fv2%2Fcomments&post=280"}],"version-history":[{"count":3,"href":"https:\/\/www.felicoop.org.br\/site\/index.php?rest_route=\/wp\/v2\/pages\/280\/revisions"}],"predecessor-version":[{"id":292,"href":"https:\/\/www.felicoop.org.br\/site\/index.php?rest_route=\/wp\/v2\/pages\/280\/revisions\/292"}],"wp:attachment":[{"href":"https:\/\/www.felicoop.org.br\/site\/index.php?rest_route=%2Fwp%2Fv2%2Fmedia&parent=280"}],"curies":[{"name":"wp","href":"https:\/\/api.w.org\/{rel}","templated":true}]}}