{"id":259,"date":"2022-09-12T20:22:59","date_gmt":"2022-09-12T23:22:59","guid":{"rendered":"https:\/\/www.felicoop.org.br\/site\/?page_id=259"},"modified":"2023-06-13T08:44:32","modified_gmt":"2023-06-13T11:44:32","slug":"quem-somos","status":"publish","type":"page","link":"https:\/\/www.felicoop.org.br\/site\/?page_id=259","title":{"rendered":"Quem Somos"},"content":{"rendered":"<p>[et_pb_section fb_built=&#8221;1&#8243; _builder_version=&#8221;4.18.0&#8243; _module_preset=&#8221;default&#8221; background_color=&#8221;#3E5A93&#8243; global_colors_info=&#8221;{}&#8221;][et_pb_row column_structure=&#8221;3_4,1_4&#8243; _builder_version=&#8221;4.18.0&#8243; _module_preset=&#8221;default&#8221; global_colors_info=&#8221;{}&#8221;][et_pb_column type=&#8221;3_4&#8243; _builder_version=&#8221;4.18.0&#8243; _module_preset=&#8221;default&#8221; global_colors_info=&#8221;{}&#8221;][et_pb_text _builder_version=&#8221;4.18.0&#8243; _module_preset=&#8221;default&#8221; header_font=&#8221;|300|||||||&#8221; header_text_color=&#8221;#FFFFFF&#8221; global_colors_info=&#8221;{}&#8221;]<\/p>\n<h1>Quem Somos<\/h1>\n<p>[\/et_pb_text][\/et_pb_column][et_pb_column type=&#8221;1_4&#8243; _builder_version=&#8221;4.18.0&#8243; _module_preset=&#8221;default&#8221; global_colors_info=&#8221;{}&#8221;][\/et_pb_column][\/et_pb_row][\/et_pb_section][et_pb_section fb_built=&#8221;1&#8243; _builder_version=&#8221;4.18.0&#8243; _module_preset=&#8221;default&#8221; global_colors_info=&#8221;{}&#8221;][et_pb_row _builder_version=&#8221;4.18.0&#8243; _module_preset=&#8221;default&#8221; global_colors_info=&#8221;{}&#8221;][et_pb_column type=&#8221;4_4&#8243; _builder_version=&#8221;4.18.0&#8243; _module_preset=&#8221;default&#8221; global_colors_info=&#8221;{}&#8221;][et_pb_text _builder_version=&#8221;4.18.0&#8243; _module_preset=&#8221;default&#8221; header_3_font_size=&#8221;18px&#8221; text_orientation=&#8221;justified&#8221; global_colors_info=&#8221;{}&#8221;]<\/p>\n<h3>MISS\u00c3O:<\/h3>\n<p style=\"padding-left: 40px;\">Prestar servi\u00e7os que proporcionem tranquilidade e comodidade ao Cooperado.<\/p>\n<p>&nbsp;<\/p>\n<h3>VIS\u00c3O:<\/h3>\n<p style=\"padding-left: 40px;\">Ser reconhecida como a melhor cooperativa de trabalho m\u00e9dico.<\/p>\n<p>&nbsp;<\/p>\n<h3>VALORES:<\/h3>\n<ul>\n<li style=\"list-style-type: none;\">\n<ul>\n<li>Valorizar o trabalho dos Cooperados.<\/li>\n<li>Trabalhar com transpar\u00eancia e compromisso junto aos Cooperados e parceiros.<\/li>\n<li>Realizar com qualidade o faturamento dos honor\u00e1rios m\u00e9dicos.<\/li>\n<li>Reconhecer e desenvolver o trabalho dos colaboradores.<\/li>\n<li>Maximizar resultados.<\/li>\n<\/ul>\n<\/li>\n<\/ul>\n<p>[\/et_pb_text][\/et_pb_column][\/et_pb_row][\/et_pb_section][et_pb_section fb_built=&#8221;1&#8243; admin_label=&#8221;rodape geral&#8221; _builder_version=&#8221;4.18.0&#8243; _module_preset=&#8221;default&#8221; background_color=&#8221;#f7f7f7&#8243; border_width_top=&#8221;2px&#8221; border_color_top=&#8221;#F2F2F2&#8243; global_module=&#8221;75&#8243; saved_tabs=&#8221;all&#8221; global_colors_info=&#8221;{}&#8221;][et_pb_row column_structure=&#8221;1_3,1_3,1_3&#8243; _builder_version=&#8221;4.18.0&#8243; _module_preset=&#8221;default&#8221; global_colors_info=&#8221;{}&#8221;][et_pb_column type=&#8221;1_3&#8243; _builder_version=&#8221;4.18.0&#8243; _module_preset=&#8221;default&#8221; global_colors_info=&#8221;{}&#8221;][et_pb_text admin_label=&#8221;Seja um cooperado&#8221; _builder_version=&#8221;4.18.0&#8243; _module_preset=&#8221;default&#8221; text_font_size=&#8221;14px&#8221; header_3_font=&#8221;|300||on|||||&#8221; header_3_text_color=&#8221;#122C60&#8243; header_3_font_size=&#8221;20px&#8221; min_height=&#8221;385px&#8221; custom_padding=&#8221;25px|25px|25px|25px|false|false&#8221; box_shadow_style=&#8221;preset1&#8243; global_colors_info=&#8221;{}&#8221;]<\/p>\n<h3>Seja um cooperado<\/h3>\n<p>Visando maior comodidade e agilidade aos nossos cooperados, disponibilizamos abaixo fichas de atualiza\u00e7\u00e3o de cadastro e material de apoio, clique e veja a lista:<\/p>\n<p>[\/et_pb_text][et_pb_button button_url=&#8221;https:\/\/www.felicoop.org.br\/site\/?page_id=313&#8243; button_text=&#8221;CADASTRE-SE&#8221; admin_label=&#8221;CADASTRE-SE&#8221; _builder_version=&#8221;4.18.0&#8243; _module_preset=&#8221;default&#8221; custom_margin=&#8221;-100px|||25px|false|false&#8221; custom_padding=&#8221;||||false|false&#8221; hover_enabled=&#8221;0&#8243; global_colors_info=&#8221;{}&#8221; sticky_enabled=&#8221;0&#8243;][\/et_pb_button][\/et_pb_column][et_pb_column type=&#8221;1_3&#8243; _builder_version=&#8221;4.18.0&#8243; _module_preset=&#8221;default&#8221; global_colors_info=&#8221;{}&#8221;][et_pb_text admin_label=&#8221;ENDERE\u00c7O&#8221; _builder_version=&#8221;4.18.0&#8243; _module_preset=&#8221;default&#8221; header_3_font=&#8221;|300||on|||||&#8221; header_3_text_color=&#8221;#122C60&#8243; header_3_font_size=&#8221;20px&#8221; header_5_text_color=&#8221;#3E5A93&#8243; header_5_font_size=&#8221;15px&#8221; header_5_line_height=&#8221;1.5em&#8221; min_height=&#8221;385px&#8221; custom_padding=&#8221;25px|25px|25px|25px|false|false&#8221; box_shadow_style=&#8221;preset1&#8243; global_colors_info=&#8221;{}&#8221;]<\/p>\n<h3>Endere\u00e7o:<\/h3>\n<h5>SEDE:<\/h5>\n<p>Av. do Contorno, 9636 \/ 5\u00b0 andar, Belo Horizonte &#8211; Minas Gerais &#8211; CEP 30110-936<\/p>\n<h5>Posto de atendimento<br \/>Hospital Fel\u00edcio Rocho:<\/h5>\n<p>Av. do Contorno, 9530 &#8211; 3\u00b0 andar, Belo Horizonte &#8211; Minas Gerais &#8211; CEP 30110-936<\/p>\n<h3>Hor\u00e1rio de funcionamento:<\/h3>\n<p><strong>Segunda a sexta-feira:<\/strong> 8h \u00e0s 18h<\/p>\n<p>[\/et_pb_text][\/et_pb_column][et_pb_column type=&#8221;1_3&#8243; _builder_version=&#8221;4.18.0&#8243; _module_preset=&#8221;default&#8221; global_colors_info=&#8221;{}&#8221;][et_pb_text admin_label=&#8221;Central de atendimento&#8221; _builder_version=&#8221;4.18.0&#8243; _module_preset=&#8221;default&#8221; text_font_size=&#8221;13px&#8221; header_3_font=&#8221;|300||on|||||&#8221; header_3_text_color=&#8221;#122C60&#8243; header_3_font_size=&#8221;20px&#8221; header_5_text_color=&#8221;#3E5A93&#8243; header_5_font_size=&#8221;18px&#8221; header_5_line_height=&#8221;1.5em&#8221; min_height=&#8221;385px&#8221; custom_padding=&#8221;25px|25px|25px|25px|false|false&#8221; box_shadow_style=&#8221;preset1&#8243; global_colors_info=&#8221;{}&#8221;]<\/p>\n<h3>Central de atendimento:<\/h3>\n<h5 style=\"padding-left: 40px;\"><strong>Telefone:<\/strong> (31) 3295-5033<\/h5>\n<p><strong>Faturamento\/repasse:<br \/><\/strong><a href=\"mailto:faturamento.convenios@felicoop.org.br\">\u00a0 \u00a0 \u00a0 \u00a0 faturamento.convenios@felicoop.org.br<\/a><\/p>\n<p><strong>Relacionamento:<br \/><\/strong>\u00a0 \u00a0 \u00a0 \u00a0 \u00a0<a href=\"mailto:fatima.santos@felicoop.org.br\">fatima.santos@felicoop.org.br<\/a><\/p>\n<p><strong>Auditoria:\u00a0<\/strong><br \/><a href=\"mailto:auditoria.interna@felicoop.org.br\">\u00a0 \u00a0 \u00a0 \u00a0 \u00a0auditoria.interna@felicoop.org.br<\/a><\/p>\n<p><strong>Negocia\u00e7\u00e3o:\u00a0<br \/><\/strong>\u00a0 \u00a0 \u00a0 \u00a0 \u00a0<a href=\"mailto:negociacao@felicoop.org.br\">negociacao@felicoop.org.br<\/a><\/p>\n<p>[\/et_pb_text][\/et_pb_column][\/et_pb_row][\/et_pb_section][et_pb_section fb_built=&#8221;1&#8243; admin_label=&#8221;direitos + rede social&#8221; _builder_version=&#8221;4.18.0&#8243; _module_preset=&#8221;default&#8221; background_color=&#8221;#3e5a93&#8243; custom_padding=&#8221;13px||13px||false|false&#8221; global_module=&#8221;77&#8243; saved_tabs=&#8221;all&#8221; global_colors_info=&#8221;{}&#8221;][et_pb_row column_structure=&#8221;3_4,1_4&#8243; _builder_version=&#8221;4.18.0&#8243; _module_preset=&#8221;default&#8221; custom_padding=&#8221;0px||0px||false|false&#8221; global_colors_info=&#8221;{}&#8221;][et_pb_column type=&#8221;3_4&#8243; _builder_version=&#8221;4.18.0&#8243; _module_preset=&#8221;default&#8221; global_colors_info=&#8221;{}&#8221;][et_pb_text _builder_version=&#8221;4.18.0&#8243; _module_preset=&#8221;default&#8221; text_text_color=&#8221;#FFFFFF&#8221; text_font_size=&#8221;12px&#8221; custom_padding=&#8221;10px||||false|false&#8221; global_colors_info=&#8221;{}&#8221;]<\/p>\n<p>\u00a9 2023 &#8211; Todos os direitos reservados a FELICOOP &#8211; Cooperativa M\u00e9dica de Especialidades<\/p>\n<p>[\/et_pb_text][\/et_pb_column][et_pb_column type=&#8221;1_4&#8243; _builder_version=&#8221;4.18.0&#8243; _module_preset=&#8221;default&#8221; global_colors_info=&#8221;{}&#8221;][et_pb_image src=&#8221;https:\/\/www.felicoop.org.br\/site\/wp-content\/uploads\/2022\/09\/icone-instagram-rodape.png&#8221; title_text=&#8221;icone-instagram-rodape&#8221; url=&#8221;https:\/\/www.instagram.com\/felicoop\/&#8221; align=&#8221;right&#8221; _builder_version=&#8221;4.18.0&#8243; _module_preset=&#8221;default&#8221; global_colors_info=&#8221;{}&#8221;][\/et_pb_image][\/et_pb_column][\/et_pb_row][\/et_pb_section]<\/p>\n","protected":false},"excerpt":{"rendered":"<p>Quem SomosMISS\u00c3O: Prestar servi\u00e7os que proporcionem tranquilidade e comodidade ao Cooperado. &nbsp; VIS\u00c3O: Ser reconhecida como a melhor cooperativa de trabalho m\u00e9dico. &nbsp; VALORES: Valorizar o trabalho dos Cooperados. Trabalhar com transpar\u00eancia e compromisso junto aos Cooperados e parceiros. Realizar com qualidade o faturamento dos honor\u00e1rios m\u00e9dicos. Reconhecer e desenvolver o trabalho dos colaboradores. Maximizar [&hellip;]<\/p>\n","protected":false},"author":1,"featured_media":0,"parent":0,"menu_order":0,"comment_status":"closed","ping_status":"closed","template":"","meta":{"_et_pb_use_builder":"on","_et_pb_old_content":"","_et_gb_content_width":"","footnotes":""},"class_list":["post-259","page","type-page","status-publish","hentry"],"_links":{"self":[{"href":"https:\/\/www.felicoop.org.br\/site\/index.php?rest_route=\/wp\/v2\/pages\/259","targetHints":{"allow":["GET"]}}],"collection":[{"href":"https:\/\/www.felicoop.org.br\/site\/index.php?rest_route=\/wp\/v2\/pages"}],"about":[{"href":"https:\/\/www.felicoop.org.br\/site\/index.php?rest_route=\/wp\/v2\/types\/page"}],"author":[{"embeddable":true,"href":"https:\/\/www.felicoop.org.br\/site\/index.php?rest_route=\/wp\/v2\/users\/1"}],"replies":[{"embeddable":true,"href":"https:\/\/www.felicoop.org.br\/site\/index.php?rest_route=%2Fwp%2Fv2%2Fcomments&post=259"}],"version-history":[{"count":8,"href":"https:\/\/www.felicoop.org.br\/site\/index.php?rest_route=\/wp\/v2\/pages\/259\/revisions"}],"predecessor-version":[{"id":1493,"href":"https:\/\/www.felicoop.org.br\/site\/index.php?rest_route=\/wp\/v2\/pages\/259\/revisions\/1493"}],"wp:attachment":[{"href":"https:\/\/www.felicoop.org.br\/site\/index.php?rest_route=%2Fwp%2Fv2%2Fmedia&parent=259"}],"curies":[{"name":"wp","href":"https:\/\/api.w.org\/{rel}","templated":true}]}}