{"id":245,"date":"2022-09-12T20:13:46","date_gmt":"2022-09-12T23:13:46","guid":{"rendered":"https:\/\/www.felicoop.org.br\/site\/?page_id=245"},"modified":"2023-02-17T13:30:03","modified_gmt":"2023-02-17T16:30:03","slug":"a-felicoop","status":"publish","type":"page","link":"https:\/\/www.felicoop.org.br\/site\/?page_id=245","title":{"rendered":"A Felicoop"},"content":{"rendered":"<p>[et_pb_section fb_built=&#8221;1&#8243; _builder_version=&#8221;4.18.0&#8243; _module_preset=&#8221;default&#8221; background_color=&#8221;#3E5A93&#8243; global_colors_info=&#8221;{}&#8221;][et_pb_row column_structure=&#8221;3_4,1_4&#8243; _builder_version=&#8221;4.18.0&#8243; _module_preset=&#8221;default&#8221; global_colors_info=&#8221;{}&#8221;][et_pb_column type=&#8221;3_4&#8243; _builder_version=&#8221;4.18.0&#8243; _module_preset=&#8221;default&#8221; global_colors_info=&#8221;{}&#8221;][et_pb_text _builder_version=&#8221;4.18.0&#8243; _module_preset=&#8221;default&#8221; header_font=&#8221;|300|||||||&#8221; header_text_color=&#8221;#FFFFFF&#8221; global_colors_info=&#8221;{}&#8221;]<\/p>\n<h1>A Felicoop<\/h1>\n<p>[\/et_pb_text][\/et_pb_column][et_pb_column type=&#8221;1_4&#8243; _builder_version=&#8221;4.18.0&#8243; _module_preset=&#8221;default&#8221; global_colors_info=&#8221;{}&#8221;][et_pb_button button_url=&#8221;https:\/\/www.felicoop.org.br\/site\/wp-content\/uploads\/2022\/09\/ESTATUTO-SOCIAL-1.pdf&#8221; url_new_window=&#8221;on&#8221; button_text=&#8221;Veja o Estatuto&#8221; button_alignment=&#8221;center&#8221; _builder_version=&#8221;4.18.0&#8243; _module_preset=&#8221;default&#8221; custom_button=&#8221;on&#8221; button_text_color=&#8221;#3E5A93&#8243; button_bg_color=&#8221;#93BDE8&#8243; button_border_width=&#8221;2px&#8221; button_border_color=&#8221;#FFFFFF&#8221; global_colors_info=&#8221;{}&#8221;][\/et_pb_button][\/et_pb_column][\/et_pb_row][\/et_pb_section][et_pb_section fb_built=&#8221;1&#8243; _builder_version=&#8221;4.18.0&#8243; _module_preset=&#8221;default&#8221; global_colors_info=&#8221;{}&#8221;][et_pb_row _builder_version=&#8221;4.18.0&#8243; _module_preset=&#8221;default&#8221; global_colors_info=&#8221;{}&#8221;][et_pb_column type=&#8221;4_4&#8243; _builder_version=&#8221;4.18.0&#8243; _module_preset=&#8221;default&#8221; global_colors_info=&#8221;{}&#8221;][et_pb_text _builder_version=&#8221;4.18.0&#8243; _module_preset=&#8221;default&#8221; text_orientation=&#8221;justified&#8221; global_colors_info=&#8221;{}&#8221;]<\/p>\n<h3>Hist\u00f3rico<\/h3>\n<p><img loading=\"lazy\" decoding=\"async\" class=\"wp-image-20 alignright \" src=\"https:\/\/www.felicoop.org.br\/site\/wp-content\/uploads\/2022\/09\/img-felicoop-home.jpg\" alt=\"\" width=\"562\" height=\"268\" srcset=\"https:\/\/www.felicoop.org.br\/site\/wp-content\/uploads\/2022\/09\/img-felicoop-home.jpg 562w, https:\/\/www.felicoop.org.br\/site\/wp-content\/uploads\/2022\/09\/img-felicoop-home-480x229.jpg 480w\" sizes=\"auto, (min-width: 0px) and (max-width: 480px) 480px, (min-width: 481px) 562px, 100vw\" \/>Criada em dezembro de 1993, por iniciativa de um grupo de m\u00e9dicos do corpo cl\u00ednico do Hospital Fel\u00edcio Rocho \u2013 HFR, a Felicoop \u2013 Cooperativa M\u00e9dica de Especialidades nasceu com o objetivo de assegurar o recebimento de honor\u00e1rios m\u00e9dicos provenientes de atendimentos conveniados de sa\u00fade.<\/p>\n<p>A implanta\u00e7\u00e3o contou com o apoio decisivo do HFR e de sua Diretoria Cl\u00ednica, comprometidos em reestruturar a rela\u00e7\u00e3o entre os profissionais m\u00e9dicos e os conv\u00eanios de sa\u00fade, que, na \u00e9poca, sofria de enorme desentrosamento administrativo e financeiro.<\/p>\n<p>As dificuldades iniciais foram grandes, mas, j\u00e1 no primeiro ano, a ades\u00e3o satisfat\u00f3ria dos m\u00e9dicos do Hospital, apontava o caminho a seguir. Sem experi\u00eancia administrativa, a primeira diretoria, formada pelos m\u00e9dicos Cl\u00e1udio Ant\u00f4nio Nassif Drumond (presidente), Paulo Eug\u00eanio de Tarso Meira Bor\u00e9m (secret\u00e1rio) e Geraldo Teixeira Botrel (tesoureiro), trabalhou exaustivamente junto a cerca de 130 conv\u00eanios, procurando mostrar a import\u00e2ncia do trabalho cooperativo.<\/p>\n<p>Em meados de 1997, funcionando precariamente em um conjunto de salas alugadas, a cooperativa come\u00e7ou a se capitalizar para adquirir a sede pr\u00f3pria, que hoje tem infraestrutura completa, informatizada e totalmente integrada ao sistema operacional desenvolvido pela Federa\u00e7\u00e3o das Cooperativas M\u00e9dicas de Minas Gerais \u2013 Fencom.<\/p>\n<p>Em 1998, a segunda diretoria, composta pelos m\u00e9dicos Paulo Eug\u00eanio de Tarso Meira Bor\u00e9m (presidente), Geraldo Teixeira Botrel (secret\u00e1rio) e Pedro Jos\u00e9 Pires Neto (tesoureiro), optou pela profissionaliza\u00e7\u00e3o e contratou funcion\u00e1rios especializados, capazes de estruturar e gerenciar o complexo processo administrativo-financeiro que envolve a cooperativa e seus parceiros \u2013 o Hospital Fel\u00edcio Rocho e diversos conv\u00eanios de sa\u00fade. No final deste ano, a Felicoop criou o Centro de Apoio \u00e0 Ci\u00eancia \u2013 CAC, uma importante estrutura de est\u00edmulo e suporte na realiza\u00e7\u00e3o de trabalhos t\u00e9cnico-cient\u00edficos, que presta atendimento individualizado a todos os m\u00e9dicos cooperados.<\/p>\n<p>Assim, os diretores passaram a atuar mais precisamente na condu\u00e7\u00e3o e negocia\u00e7\u00e3o das quest\u00f5es cooperativistas, assegurando a permanente e criteriosa revis\u00e3o dos processos administrativos e das pol\u00edticas financeiras na defesa dos interesses dos cooperados e, por extens\u00e3o, da classe m\u00e9dica.<\/p>\n<p>A Felicoop passou a ser reconhecida como cooperativa-modelo, sendo citada no meio m\u00e9dico como exemplo de empreendimento bem sucedido, n\u00e3o apenas em rela\u00e7\u00e3o \u00e0 sua efici\u00eancia administrativa, mas tamb\u00e9m em rela\u00e7\u00e3o \u00e0 sua filosofia de valoriza\u00e7\u00e3o e capacita\u00e7\u00e3o t\u00e9cnico-cient\u00edfica do m\u00e9dico.<\/p>\n<p>[\/et_pb_text][\/et_pb_column][\/et_pb_row][\/et_pb_section][et_pb_section fb_built=&#8221;1&#8243; admin_label=&#8221;rodape geral&#8221; _builder_version=&#8221;4.18.0&#8243; _module_preset=&#8221;default&#8221; background_color=&#8221;#f7f7f7&#8243; border_width_top=&#8221;2px&#8221; border_color_top=&#8221;#F2F2F2&#8243; global_module=&#8221;75&#8243; saved_tabs=&#8221;all&#8221; global_colors_info=&#8221;{}&#8221;][et_pb_row column_structure=&#8221;1_3,1_3,1_3&#8243; _builder_version=&#8221;4.18.0&#8243; _module_preset=&#8221;default&#8221; global_colors_info=&#8221;{}&#8221;][et_pb_column type=&#8221;1_3&#8243; _builder_version=&#8221;4.18.0&#8243; _module_preset=&#8221;default&#8221; global_colors_info=&#8221;{}&#8221;][et_pb_text admin_label=&#8221;Seja um cooperado&#8221; _builder_version=&#8221;4.18.0&#8243; _module_preset=&#8221;default&#8221; text_font_size=&#8221;14px&#8221; header_3_font=&#8221;|300||on|||||&#8221; header_3_text_color=&#8221;#122C60&#8243; header_3_font_size=&#8221;20px&#8221; min_height=&#8221;385px&#8221; custom_padding=&#8221;25px|25px|25px|25px|false|false&#8221; box_shadow_style=&#8221;preset1&#8243; global_colors_info=&#8221;{}&#8221;]<\/p>\n<h3>Seja um cooperado<\/h3>\n<p>Visando maior comodidade e agilidade aos nossos cooperados, disponibilizamos abaixo fichas de atualiza\u00e7\u00e3o de cadastro e material de apoio, clique e veja a lista:<\/p>\n<p>[\/et_pb_text][et_pb_button button_text=&#8221;CADASTRE-SE&#8221; admin_label=&#8221;CADASTRE-SE&#8221; _builder_version=&#8221;4.18.0&#8243; _module_preset=&#8221;default&#8221; custom_margin=&#8221;-100px|||25px|false|false&#8221; custom_padding=&#8221;||||false|false&#8221; global_colors_info=&#8221;{}&#8221;][\/et_pb_button][\/et_pb_column][et_pb_column type=&#8221;1_3&#8243; _builder_version=&#8221;4.18.0&#8243; _module_preset=&#8221;default&#8221; global_colors_info=&#8221;{}&#8221;][et_pb_text admin_label=&#8221;ENDERE\u00c7O&#8221; _builder_version=&#8221;4.18.0&#8243; _module_preset=&#8221;default&#8221; header_3_font=&#8221;|300||on|||||&#8221; header_3_text_color=&#8221;#122C60&#8243; header_3_font_size=&#8221;20px&#8221; header_5_text_color=&#8221;#3E5A93&#8243; header_5_font_size=&#8221;15px&#8221; header_5_line_height=&#8221;1.5em&#8221; min_height=&#8221;385px&#8221; custom_padding=&#8221;25px|25px|25px|25px|false|false&#8221; box_shadow_style=&#8221;preset1&#8243; global_colors_info=&#8221;{}&#8221;]<\/p>\n<h3>Endere\u00e7o:<\/h3>\n<h5>SEDE:<\/h5>\n<p>Av. do Contorno, 9636 \/ 5\u00b0 andar, Belo Horizonte &#8211; Minas Gerais &#8211; CEP 30110-936<\/p>\n<h5>Posto de atendimento<br \/>Hospital Fel\u00edcio Rocho:<\/h5>\n<p>Av. do Contorno, 9530 &#8211; 3\u00b0 andar, Belo Horizonte &#8211; Minas Gerais &#8211; CEP 30110-936<\/p>\n<h3>Hor\u00e1rio de funcionamento:<\/h3>\n<p><strong>Segunda a sexta-feira:<\/strong> 8h \u00e0s 18h<\/p>\n<p>[\/et_pb_text][\/et_pb_column][et_pb_column type=&#8221;1_3&#8243; _builder_version=&#8221;4.18.0&#8243; _module_preset=&#8221;default&#8221; global_colors_info=&#8221;{}&#8221;][et_pb_text admin_label=&#8221;Central de atendimento&#8221; _builder_version=&#8221;4.18.0&#8243; _module_preset=&#8221;default&#8221; text_font_size=&#8221;13px&#8221; header_3_font=&#8221;|300||on|||||&#8221; header_3_text_color=&#8221;#122C60&#8243; header_3_font_size=&#8221;20px&#8221; header_5_text_color=&#8221;#3E5A93&#8243; header_5_font_size=&#8221;18px&#8221; header_5_line_height=&#8221;1.5em&#8221; min_height=&#8221;385px&#8221; custom_padding=&#8221;25px|25px|25px|25px|false|false&#8221; box_shadow_style=&#8221;preset1&#8243; global_colors_info=&#8221;{}&#8221;]<\/p>\n<h3>Central de atendimento:<\/h3>\n<h5 style=\"padding-left: 40px;\"><strong>Telefone:<\/strong> (31) 3295-5033<\/h5>\n<p><strong>Faturamento\/repasse:<br \/><\/strong><a href=\"mailto:faturamento.convenios@felicoop.org.br\">\u00a0 \u00a0 \u00a0 \u00a0 faturamento.convenios@felicoop.org.br<\/a><\/p>\n<p><strong>Relacionamento:<br \/><\/strong>\u00a0 \u00a0 \u00a0 \u00a0 \u00a0<a href=\"mailto:fatima.santos@felicoop.org.br\">fatima.santos@felicoop.org.br<\/a><\/p>\n<p><strong>Auditoria:\u00a0<\/strong><br \/><a href=\"mailto:auditoria.interna@felicoop.org.br\">\u00a0 \u00a0 \u00a0 \u00a0 \u00a0auditoria.interna@felicoop.org.br<\/a><\/p>\n<p><strong>Negocia\u00e7\u00e3o:\u00a0<br \/><\/strong>\u00a0 \u00a0 \u00a0 \u00a0 \u00a0<a href=\"mailto:negociacao@felicoop.org.br\">negociacao@felicoop.org.br<\/a><\/p>\n<p>[\/et_pb_text][\/et_pb_column][\/et_pb_row][\/et_pb_section][et_pb_section fb_built=&#8221;1&#8243; admin_label=&#8221;direitos + rede social&#8221; _builder_version=&#8221;4.18.0&#8243; _module_preset=&#8221;default&#8221; background_color=&#8221;#3e5a93&#8243; custom_padding=&#8221;13px||13px||false|false&#8221; global_module=&#8221;77&#8243; saved_tabs=&#8221;all&#8221; global_colors_info=&#8221;{}&#8221;][et_pb_row column_structure=&#8221;3_4,1_4&#8243; _builder_version=&#8221;4.18.0&#8243; _module_preset=&#8221;default&#8221; custom_padding=&#8221;0px||0px||false|false&#8221; global_colors_info=&#8221;{}&#8221;][et_pb_column type=&#8221;3_4&#8243; _builder_version=&#8221;4.18.0&#8243; _module_preset=&#8221;default&#8221; global_colors_info=&#8221;{}&#8221;][et_pb_text _builder_version=&#8221;4.18.0&#8243; _module_preset=&#8221;default&#8221; text_text_color=&#8221;#FFFFFF&#8221; text_font_size=&#8221;12px&#8221; custom_padding=&#8221;10px||||false|false&#8221; hover_enabled=&#8221;0&#8243; global_colors_info=&#8221;{}&#8221; sticky_enabled=&#8221;0&#8243;]<\/p>\n<p>\u00a9 2023 &#8211; Todos os direitos reservados a FELICOOP &#8211; Cooperativa M\u00e9dica de Especialidades<\/p>\n<p>[\/et_pb_text][\/et_pb_column][et_pb_column type=&#8221;1_4&#8243; _builder_version=&#8221;4.18.0&#8243; _module_preset=&#8221;default&#8221; global_colors_info=&#8221;{}&#8221;][et_pb_image src=&#8221;https:\/\/www.felicoop.org.br\/site\/wp-content\/uploads\/2022\/09\/icone-instagram-rodape.png&#8221; title_text=&#8221;icone-instagram-rodape&#8221; url=&#8221;https:\/\/www.instagram.com\/felicoop\/&#8221; align=&#8221;right&#8221; _builder_version=&#8221;4.18.0&#8243; _module_preset=&#8221;default&#8221; global_colors_info=&#8221;{}&#8221;][\/et_pb_image][\/et_pb_column][\/et_pb_row][\/et_pb_section]<\/p>\n","protected":false},"excerpt":{"rendered":"<p>A FelicoopHist\u00f3rico Criada em dezembro de 1993, por iniciativa de um grupo de m\u00e9dicos do corpo cl\u00ednico do Hospital Fel\u00edcio Rocho \u2013 HFR, a Felicoop \u2013 Cooperativa M\u00e9dica de Especialidades nasceu com o objetivo de assegurar o recebimento de honor\u00e1rios m\u00e9dicos provenientes de atendimentos conveniados de sa\u00fade. A implanta\u00e7\u00e3o contou com o apoio decisivo do [&hellip;]<\/p>\n","protected":false},"author":1,"featured_media":0,"parent":0,"menu_order":0,"comment_status":"closed","ping_status":"closed","template":"","meta":{"_et_pb_use_builder":"on","_et_pb_old_content":"","_et_gb_content_width":"","footnotes":""},"class_list":["post-245","page","type-page","status-publish","hentry"],"_links":{"self":[{"href":"https:\/\/www.felicoop.org.br\/site\/index.php?rest_route=\/wp\/v2\/pages\/245","targetHints":{"allow":["GET"]}}],"collection":[{"href":"https:\/\/www.felicoop.org.br\/site\/index.php?rest_route=\/wp\/v2\/pages"}],"about":[{"href":"https:\/\/www.felicoop.org.br\/site\/index.php?rest_route=\/wp\/v2\/types\/page"}],"author":[{"embeddable":true,"href":"https:\/\/www.felicoop.org.br\/site\/index.php?rest_route=\/wp\/v2\/users\/1"}],"replies":[{"embeddable":true,"href":"https:\/\/www.felicoop.org.br\/site\/index.php?rest_route=%2Fwp%2Fv2%2Fcomments&post=245"}],"version-history":[{"count":8,"href":"https:\/\/www.felicoop.org.br\/site\/index.php?rest_route=\/wp\/v2\/pages\/245\/revisions"}],"predecessor-version":[{"id":1069,"href":"https:\/\/www.felicoop.org.br\/site\/index.php?rest_route=\/wp\/v2\/pages\/245\/revisions\/1069"}],"wp:attachment":[{"href":"https:\/\/www.felicoop.org.br\/site\/index.php?rest_route=%2Fwp%2Fv2%2Fmedia&parent=245"}],"curies":[{"name":"wp","href":"https:\/\/api.w.org\/{rel}","templated":true}]}}