{"id":184,"date":"2022-09-12T16:54:46","date_gmt":"2022-09-12T19:54:46","guid":{"rendered":"https:\/\/www.felicoop.org.br\/site\/?page_id=184"},"modified":"2023-02-17T13:38:04","modified_gmt":"2023-02-17T16:38:04","slug":"comunicados-2","status":"publish","type":"page","link":"https:\/\/www.felicoop.org.br\/site\/?page_id=184","title":{"rendered":"Comunicados"},"content":{"rendered":"<p>[et_pb_section fb_built=&#8221;1&#8243; _builder_version=&#8221;4.18.0&#8243; _module_preset=&#8221;default&#8221; background_color=&#8221;#3E5A93&#8243; global_colors_info=&#8221;{}&#8221;][et_pb_row _builder_version=&#8221;4.18.0&#8243; _module_preset=&#8221;default&#8221; global_colors_info=&#8221;{}&#8221;][et_pb_column type=&#8221;4_4&#8243; _builder_version=&#8221;4.18.0&#8243; _module_preset=&#8221;default&#8221; global_colors_info=&#8221;{}&#8221;][et_pb_text _builder_version=&#8221;4.18.0&#8243; _module_preset=&#8221;default&#8221; header_font=&#8221;|300|||||||&#8221; header_text_color=&#8221;#FFFFFF&#8221; global_colors_info=&#8221;{}&#8221;]<\/p>\n<h1>Comunicados<\/h1>\n<p>[\/et_pb_text][\/et_pb_column][\/et_pb_row][\/et_pb_section][et_pb_section fb_built=&#8221;1&#8243; _builder_version=&#8221;4.18.0&#8243; _module_preset=&#8221;default&#8221; global_colors_info=&#8221;{}&#8221;][et_pb_row _builder_version=&#8221;4.18.0&#8243; _module_preset=&#8221;default&#8221; global_colors_info=&#8221;{}&#8221;][et_pb_column type=&#8221;4_4&#8243; _builder_version=&#8221;4.18.0&#8243; _module_preset=&#8221;default&#8221; global_colors_info=&#8221;{}&#8221;][et_pb_text admin_label=&#8221;Fevereiro\/2023&#8243; _builder_version=&#8221;4.18.0&#8243; _module_preset=&#8221;default&#8221; header_5_font_size=&#8221;17px&#8221; custom_margin=&#8221;||0px||false|false&#8221; custom_padding=&#8221;||0px||false|false&#8221; global_colors_info=&#8221;{}&#8221;]<\/p>\n<h5>Fevereiro\/2023<\/h5>\n<p>[\/et_pb_text][et_pb_toggle title=&#8221;Comunicado de suspens\u00e3o de atendimento CASSI&#8221; open_toggle_text_color=&#8221;#93BDE8&#8243; closed_toggle_text_color=&#8221;#3E5A93&#8243; toggle_icon=&#8221;&#x55;||divi||400&#8243; admin_label=&#8221;Comunicado de suspens\u00e3o de atendimento&#8221; _builder_version=&#8221;4.18.0&#8243; _module_preset=&#8221;default&#8221; title_text_color=&#8221;#3E5A93&#8243; title_font_size=&#8221;18px&#8221; closed_title_font_size=&#8221;18px&#8221; custom_margin=&#8221;0px||||false|false&#8221; custom_padding=&#8221;||||false|false&#8221; hover_enabled=&#8221;0&#8243; global_colors_info=&#8221;{}&#8221; sticky_enabled=&#8221;0&#8243;]<\/p>\n<p><strong>Prezado Cooperado,<\/strong><\/p>\n<p>Informamos que a partir do dia 01\/03\/2023 a operadora CASSI &#8211; Caixa Assist\u00eancia dos Funcion\u00e1rios Banco do Brasil &#8211; Suspender\u00e1 os atendimentos realizados em consult\u00f3rio particular para todas as especialidades.<\/p>\n<p>Agradecemos a aten\u00e7\u00e3o, comercial Felicoop.<\/p>\n<p><strong>01 de fevereiro de 2023.<\/strong><\/p>\n<p>[\/et_pb_toggle][et_pb_text admin_label=&#8221;Janeiro\/2023&#8243; _builder_version=&#8221;4.18.0&#8243; _module_preset=&#8221;default&#8221; header_5_font_size=&#8221;17px&#8221; custom_margin=&#8221;50px||0px||false|false&#8221; global_colors_info=&#8221;{}&#8221;]<\/p>\n<h5>Janeiro 2023<\/h5>\n<p>[\/et_pb_text][et_pb_toggle title=&#8221;INSS COOPERADO &#8211; RENOVA\u00c7\u00c3O DE DIGITA\u00c7\u00c3O DE INSS \u2013 PORTAL FENCOM \u2013 ANO 2023&#8243; open_toggle_text_color=&#8221;#93BDE8&#8243; closed_toggle_text_color=&#8221;#3E5A93&#8243; toggle_icon=&#8221;&#x55;||divi||400&#8243; admin_label=&#8221;INSS COOPERADO&#8221; _builder_version=&#8221;4.18.0&#8243; _module_preset=&#8221;default&#8221; title_text_color=&#8221;#3E5A93&#8243; title_font_size=&#8221;18px&#8221; closed_title_font_size=&#8221;18px&#8221; custom_margin=&#8221;||||false|false&#8221; custom_padding=&#8221;||||false|false&#8221; global_colors_info=&#8221;{}&#8221;]<\/p>\n<p><strong>Prezado(a) Cooperado(a),<\/strong><\/p>\n<p>J\u00e1 estamos em dezembro e, como acontece anualmente, chegou o momento da necessidade da renova\u00e7\u00e3o de digita\u00e7\u00e3o das declara\u00e7\u00f5es de INSS para o ano de 2023, a fim de evitar tributa\u00e7\u00f5es a maior. Caso trabalhe em outro local e j\u00e1 efetue o desconto de INSS, \u00e9 importante fazer a digita\u00e7\u00e3o no site da Fencom: <u>fencom.coop.br\/inss-cooperado<\/u><\/p>\n<p>N\u00e3o ser\u00e1 necess\u00e1rio entregar o documento f\u00edsico na cooperativa. O processo \u00e9 simples e de f\u00e1cil entendimento, facilitando ao m\u00e1ximo a inser\u00e7\u00e3o dos dados.<\/p>\n<p><strong>Vantagens do INSS COOPERADO:<\/strong><\/p>\n<ul>\n<li>Maior agilidade no processo<\/li>\n<li>Maior autonomia<\/li>\n<li>Evita reten\u00e7\u00e3o e recolhimento de INSS, al\u00e9m do devido<\/li>\n<li>Acess\u00edvel de computador, tablet ou celular<\/li>\n<li>Facilidade no acompanhamento das informa\u00e7\u00f5es<\/li>\n<\/ul>\n<p><strong>Para preenchimento da tela de cadastro no portal INSS Cooperado, tenha em m\u00e3os o demonstrativo de pagamento da fonte pagadora com as informa\u00e7\u00f5es:<\/strong><\/p>\n<ul>\n<li>Valor remunera\u00e7\u00e3o base de INSS<\/li>\n<li>Nome e CNPJ da empresa na qual \u00e9 efetuado o desconto<\/li>\n<li>In\u00edcio e fim da vig\u00eancia<\/li>\n<\/ul>\n<p>A veracidade e a certeza das informa\u00e7\u00f5es s\u00e3o essenciais, uma vez que voc\u00ea, cooperado, \u00e9 o respons\u00e1vel pelas informa\u00e7\u00f5es prestadas, inclusive perante aos \u00d3rg\u00e3os Federais. Tenha certeza da base de c\u00e1lculo utilizada pela fonte pagadora para reten\u00e7\u00e3o de INSS. Voc\u00ea dever\u00e1 lan\u00e7ar as informa\u00e7\u00f5es no portal INSS Cooperado at\u00e9 o antepen\u00faltimo dia \u00fatil de cada m\u00eas.<\/p>\n<p>Vale lembrar que as digita\u00e7\u00f5es das declara\u00e7\u00f5es de INSS para o ano de 2023 s\u00f3 poder\u00e3o ser feitas <strong>a partir de 2<\/strong><strong>\/1\/2023<\/strong>.<\/p>\n<p><strong>Abaixo, segue calend\u00e1rio com a data de bloqueio de INSS no site da Fencom, para o cooperado:<\/strong><\/p>\n<p><img loading=\"lazy\" decoding=\"async\" class=\"wp-image-942 alignnone \" src=\"https:\/\/www.felicoop.org.br\/site\/wp-content\/uploads\/2023\/02\/tabela-inss-felicoop-2023.jpg\" alt=\"\" width=\"628\" height=\"360\" \/><\/p>\n<p>Em caso de d\u00favida ou para mais informa\u00e7\u00f5es, entre em contato com sua cooperativa.<\/p>\n<p>&nbsp;<\/p>\n<p>[\/et_pb_toggle][\/et_pb_column][\/et_pb_row][\/et_pb_section][et_pb_section fb_built=&#8221;1&#8243; admin_label=&#8221;rodape geral&#8221; _builder_version=&#8221;4.18.0&#8243; _module_preset=&#8221;default&#8221; background_color=&#8221;#f7f7f7&#8243; border_width_top=&#8221;2px&#8221; border_color_top=&#8221;#F2F2F2&#8243; global_module=&#8221;75&#8243; saved_tabs=&#8221;all&#8221; global_colors_info=&#8221;{}&#8221;][et_pb_row column_structure=&#8221;1_3,1_3,1_3&#8243; _builder_version=&#8221;4.18.0&#8243; _module_preset=&#8221;default&#8221; global_colors_info=&#8221;{}&#8221;][et_pb_column type=&#8221;1_3&#8243; _builder_version=&#8221;4.18.0&#8243; _module_preset=&#8221;default&#8221; global_colors_info=&#8221;{}&#8221;][et_pb_text admin_label=&#8221;Seja um cooperado&#8221; _builder_version=&#8221;4.18.0&#8243; _module_preset=&#8221;default&#8221; text_font_size=&#8221;14px&#8221; header_3_font=&#8221;|300||on|||||&#8221; header_3_text_color=&#8221;#122C60&#8243; header_3_font_size=&#8221;20px&#8221; min_height=&#8221;385px&#8221; custom_padding=&#8221;25px|25px|25px|25px|false|false&#8221; box_shadow_style=&#8221;preset1&#8243; global_colors_info=&#8221;{}&#8221;]<\/p>\n<h3>Seja um cooperado<\/h3>\n<p>Visando maior comodidade e agilidade aos nossos cooperados, disponibilizamos abaixo fichas de atualiza\u00e7\u00e3o de cadastro e material de apoio, clique e veja a lista:<\/p>\n<p>[\/et_pb_text][et_pb_button button_text=&#8221;CADASTRE-SE&#8221; admin_label=&#8221;CADASTRE-SE&#8221; _builder_version=&#8221;4.18.0&#8243; _module_preset=&#8221;default&#8221; custom_margin=&#8221;-100px|||25px|false|false&#8221; custom_padding=&#8221;||||false|false&#8221; global_colors_info=&#8221;{}&#8221;][\/et_pb_button][\/et_pb_column][et_pb_column type=&#8221;1_3&#8243; _builder_version=&#8221;4.18.0&#8243; _module_preset=&#8221;default&#8221; global_colors_info=&#8221;{}&#8221;][et_pb_text admin_label=&#8221;ENDERE\u00c7O&#8221; _builder_version=&#8221;4.18.0&#8243; _module_preset=&#8221;default&#8221; header_3_font=&#8221;|300||on|||||&#8221; header_3_text_color=&#8221;#122C60&#8243; header_3_font_size=&#8221;20px&#8221; header_5_text_color=&#8221;#3E5A93&#8243; header_5_font_size=&#8221;15px&#8221; header_5_line_height=&#8221;1.5em&#8221; min_height=&#8221;385px&#8221; custom_padding=&#8221;25px|25px|25px|25px|false|false&#8221; box_shadow_style=&#8221;preset1&#8243; global_colors_info=&#8221;{}&#8221;]<\/p>\n<h3>Endere\u00e7o:<\/h3>\n<h5>SEDE:<\/h5>\n<p>Av. do Contorno, 9636 \/ 5\u00b0 andar, Belo Horizonte &#8211; Minas Gerais &#8211; CEP 30110-936<\/p>\n<h5>Posto de atendimento<br \/>Hospital Fel\u00edcio Rocho:<\/h5>\n<p>Av. do Contorno, 9530 &#8211; 3\u00b0 andar, Belo Horizonte &#8211; Minas Gerais &#8211; CEP 30110-936<\/p>\n<h3>Hor\u00e1rio de funcionamento:<\/h3>\n<p><strong>Segunda a sexta-feira:<\/strong> 8h \u00e0s 18h<\/p>\n<p>[\/et_pb_text][\/et_pb_column][et_pb_column type=&#8221;1_3&#8243; _builder_version=&#8221;4.18.0&#8243; _module_preset=&#8221;default&#8221; global_colors_info=&#8221;{}&#8221;][et_pb_text admin_label=&#8221;Central de atendimento&#8221; _builder_version=&#8221;4.18.0&#8243; _module_preset=&#8221;default&#8221; text_font_size=&#8221;13px&#8221; header_3_font=&#8221;|300||on|||||&#8221; header_3_text_color=&#8221;#122C60&#8243; header_3_font_size=&#8221;20px&#8221; header_5_text_color=&#8221;#3E5A93&#8243; header_5_font_size=&#8221;18px&#8221; header_5_line_height=&#8221;1.5em&#8221; min_height=&#8221;385px&#8221; custom_padding=&#8221;25px|25px|25px|25px|false|false&#8221; box_shadow_style=&#8221;preset1&#8243; global_colors_info=&#8221;{}&#8221;]<\/p>\n<h3>Central de atendimento:<\/h3>\n<h5 style=\"padding-left: 40px;\"><strong>Telefone:<\/strong> (31) 3295-5033<\/h5>\n<p><strong>Faturamento\/repasse:<br \/><\/strong><a href=\"mailto:faturamento.convenios@felicoop.org.br\">\u00a0 \u00a0 \u00a0 \u00a0 faturamento.convenios@felicoop.org.br<\/a><\/p>\n<p><strong>Relacionamento:<br \/><\/strong>\u00a0 \u00a0 \u00a0 \u00a0 \u00a0<a href=\"mailto:fatima.santos@felicoop.org.br\">fatima.santos@felicoop.org.br<\/a><\/p>\n<p><strong>Auditoria:\u00a0<\/strong><br \/><a href=\"mailto:auditoria.interna@felicoop.org.br\">\u00a0 \u00a0 \u00a0 \u00a0 \u00a0auditoria.interna@felicoop.org.br<\/a><\/p>\n<p><strong>Negocia\u00e7\u00e3o:\u00a0<br \/><\/strong>\u00a0 \u00a0 \u00a0 \u00a0 \u00a0<a href=\"mailto:negociacao@felicoop.org.br\">negociacao@felicoop.org.br<\/a><\/p>\n<p>[\/et_pb_text][\/et_pb_column][\/et_pb_row][\/et_pb_section][et_pb_section fb_built=&#8221;1&#8243; admin_label=&#8221;direitos + rede social&#8221; _builder_version=&#8221;4.18.0&#8243; _module_preset=&#8221;default&#8221; background_color=&#8221;#3e5a93&#8243; custom_padding=&#8221;13px||13px||false|false&#8221; global_module=&#8221;77&#8243; saved_tabs=&#8221;all&#8221; global_colors_info=&#8221;{}&#8221;][et_pb_row column_structure=&#8221;3_4,1_4&#8243; _builder_version=&#8221;4.18.0&#8243; _module_preset=&#8221;default&#8221; custom_padding=&#8221;0px||0px||false|false&#8221; global_colors_info=&#8221;{}&#8221;][et_pb_column type=&#8221;3_4&#8243; _builder_version=&#8221;4.18.0&#8243; _module_preset=&#8221;default&#8221; global_colors_info=&#8221;{}&#8221;][et_pb_text _builder_version=&#8221;4.18.0&#8243; _module_preset=&#8221;default&#8221; text_text_color=&#8221;#FFFFFF&#8221; text_font_size=&#8221;12px&#8221; custom_padding=&#8221;10px||||false|false&#8221; global_colors_info=&#8221;{}&#8221;]<\/p>\n<p>\u00a9 2023 &#8211; Todos os direitos reservados a FELICOOP &#8211; Cooperativa M\u00e9dica de Especialidades<\/p>\n<p>[\/et_pb_text][\/et_pb_column][et_pb_column type=&#8221;1_4&#8243; _builder_version=&#8221;4.18.0&#8243; _module_preset=&#8221;default&#8221; global_colors_info=&#8221;{}&#8221;][et_pb_image src=&#8221;https:\/\/www.felicoop.org.br\/site\/wp-content\/uploads\/2022\/09\/icone-instagram-rodape.png&#8221; title_text=&#8221;icone-instagram-rodape&#8221; url=&#8221;https:\/\/www.instagram.com\/felicoop\/&#8221; align=&#8221;right&#8221; _builder_version=&#8221;4.18.0&#8243; _module_preset=&#8221;default&#8221; global_colors_info=&#8221;{}&#8221;][\/et_pb_image][\/et_pb_column][\/et_pb_row][\/et_pb_section]<\/p>\n","protected":false},"excerpt":{"rendered":"<p>ComunicadosFevereiro\/2023Prezado Cooperado, Informamos que a partir do dia 01\/03\/2023 a operadora CASSI &#8211; Caixa Assist\u00eancia dos Funcion\u00e1rios Banco do Brasil &#8211; Suspender\u00e1 os atendimentos realizados em consult\u00f3rio particular para todas as especialidades. Agradecemos a aten\u00e7\u00e3o, comercial Felicoop. 01 de fevereiro de 2023.Janeiro 2023Prezado(a) Cooperado(a), J\u00e1 estamos em dezembro e, como acontece anualmente, chegou o momento [&hellip;]<\/p>\n","protected":false},"author":1,"featured_media":0,"parent":0,"menu_order":0,"comment_status":"closed","ping_status":"closed","template":"","meta":{"_et_pb_use_builder":"on","_et_pb_old_content":"","_et_gb_content_width":"","footnotes":""},"class_list":["post-184","page","type-page","status-publish","hentry"],"_links":{"self":[{"href":"https:\/\/www.felicoop.org.br\/site\/index.php?rest_route=\/wp\/v2\/pages\/184","targetHints":{"allow":["GET"]}}],"collection":[{"href":"https:\/\/www.felicoop.org.br\/site\/index.php?rest_route=\/wp\/v2\/pages"}],"about":[{"href":"https:\/\/www.felicoop.org.br\/site\/index.php?rest_route=\/wp\/v2\/types\/page"}],"author":[{"embeddable":true,"href":"https:\/\/www.felicoop.org.br\/site\/index.php?rest_route=\/wp\/v2\/users\/1"}],"replies":[{"embeddable":true,"href":"https:\/\/www.felicoop.org.br\/site\/index.php?rest_route=%2Fwp%2Fv2%2Fcomments&post=184"}],"version-history":[{"count":12,"href":"https:\/\/www.felicoop.org.br\/site\/index.php?rest_route=\/wp\/v2\/pages\/184\/revisions"}],"predecessor-version":[{"id":1072,"href":"https:\/\/www.felicoop.org.br\/site\/index.php?rest_route=\/wp\/v2\/pages\/184\/revisions\/1072"}],"wp:attachment":[{"href":"https:\/\/www.felicoop.org.br\/site\/index.php?rest_route=%2Fwp%2Fv2%2Fmedia&parent=184"}],"curies":[{"name":"wp","href":"https:\/\/api.w.org\/{rel}","templated":true}]}}